{"id":13604,"date":"2025-02-17T17:54:58","date_gmt":"2025-02-17T15:54:58","guid":{"rendered":"https:\/\/zbranebudai.sk\/product\/dvojnozka-hatsan-universal-tactical-bipod\/"},"modified":"2026-05-07T14:01:13","modified_gmt":"2026-05-07T12:01:13","slug":"hatsan-univerzalis-taktikai-ketlabu-allvany","status":"publish","type":"product","link":"https:\/\/zbranebudai.sk\/hu\/product\/dvojnozka-hatsan-universal-tactical-bipod\/","title":{"rendered":"Hatsan univerz\u00e1lis taktikai k\u00e9tl\u00e1b\u00fa \u00e1llv\u00e1ny"},"content":{"rendered":"","protected":false},"excerpt":{"rendered":"<p>K\u00e9tl\u00e1b\u00fa \u00e1llv\u00e1ny weaver s\u00ednre szerelhet\u0151 \u00e1ll\u00edthat\u00f3 l\u00e1bakkal l\u00e9gpusk\u00e1khoz \u00e9s kis kaliber\u0171 pusk\u00e1khoz weaver s\u00ednnel az alkaron.<\/p>","protected":false},"featured_media":6419,"template":"","meta":{"_gspb_post_css":""},"product_brand":[],"product_cat":[1846,1845,1834,1824],"product_tag":[],"class_list":{"0":"post-13604","1":"product","2":"type-product","3":"status-publish","4":"has-post-thumbnail","6":"product_cat-prislusenstvo-prislusenstvo-a-nd-vzduchovky","7":"product_cat-prislusenstvo-a-nd-vzduchovky","8":"product_cat-vzduchovky","9":"product_cat-zbrane-18-d","11":"first","12":"outofstock","13":"taxable","14":"shipping-taxable","15":"purchasable","16":"product-type-simple"},"ct_brands":[],"_links":{"self":[{"href":"https:\/\/zbranebudai.sk\/hu\/wp-json\/wp\/v2\/product\/13604","targetHints":{"allow":["GET"]}}],"collection":[{"href":"https:\/\/zbranebudai.sk\/hu\/wp-json\/wp\/v2\/product"}],"about":[{"href":"https:\/\/zbranebudai.sk\/hu\/wp-json\/wp\/v2\/types\/product"}],"wp:featuredmedia":[{"embeddable":true,"href":"https:\/\/zbranebudai.sk\/hu\/wp-json\/wp\/v2\/media\/6419"}],"wp:attachment":[{"href":"https:\/\/zbranebudai.sk\/hu\/wp-json\/wp\/v2\/media?parent=13604"}],"wp:term":[{"taxonomy":"product_brand","embeddable":true,"href":"https:\/\/zbranebudai.sk\/hu\/wp-json\/wp\/v2\/product_brand?post=13604"},{"taxonomy":"product_cat","embeddable":true,"href":"https:\/\/zbranebudai.sk\/hu\/wp-json\/wp\/v2\/product_cat?post=13604"},{"taxonomy":"product_tag","embeddable":true,"href":"https:\/\/zbranebudai.sk\/hu\/wp-json\/wp\/v2\/product_tag?post=13604"}],"curies":[{"name":"wp","href":"https:\/\/api.w.org\/{rel}","templated":true}]}}