{"id":13603,"date":"2025-02-17T17:54:58","date_gmt":"2025-02-17T15:54:58","guid":{"rendered":"https:\/\/zbranebudai.sk\/product\/vzduchovy-valec-at-44-180cc\/"},"modified":"2026-04-09T00:58:54","modified_gmt":"2026-04-08T22:58:54","slug":"leghenger-44-180-cm3-nel","status":"publish","type":"product","link":"https:\/\/zbranebudai.sk\/hu\/product\/vzduchovy-valec-at-44-180cc\/","title":{"rendered":"L\u00e9ghenger AT 44 180cc"},"content":{"rendered":"","protected":false},"excerpt":{"rendered":"<p>Leveg\u0151palack Hatsan PCP AT44 sorozat\u00fa l\u00e9gpusk\u00e1khoz, 180ccm<\/p>","protected":false},"featured_media":6417,"template":"","meta":{"_gspb_post_css":""},"product_brand":[],"product_cat":[1915,1845,1834,1824],"product_tag":[],"class_list":{"0":"post-13603","1":"product","2":"type-product","3":"status-publish","4":"has-post-thumbnail","6":"product_cat-nahradne-diely-prislusenstvo-a-nd-vzduchovky","7":"product_cat-prislusenstvo-a-nd-vzduchovky","8":"product_cat-vzduchovky","9":"product_cat-zbrane-18-d","11":"first","12":"outofstock","13":"taxable","14":"shipping-taxable","15":"purchasable","16":"product-type-simple"},"ct_brands":[],"_links":{"self":[{"href":"https:\/\/zbranebudai.sk\/hu\/wp-json\/wp\/v2\/product\/13603","targetHints":{"allow":["GET"]}}],"collection":[{"href":"https:\/\/zbranebudai.sk\/hu\/wp-json\/wp\/v2\/product"}],"about":[{"href":"https:\/\/zbranebudai.sk\/hu\/wp-json\/wp\/v2\/types\/product"}],"wp:featuredmedia":[{"embeddable":true,"href":"https:\/\/zbranebudai.sk\/hu\/wp-json\/wp\/v2\/media\/6417"}],"wp:attachment":[{"href":"https:\/\/zbranebudai.sk\/hu\/wp-json\/wp\/v2\/media?parent=13603"}],"wp:term":[{"taxonomy":"product_brand","embeddable":true,"href":"https:\/\/zbranebudai.sk\/hu\/wp-json\/wp\/v2\/product_brand?post=13603"},{"taxonomy":"product_cat","embeddable":true,"href":"https:\/\/zbranebudai.sk\/hu\/wp-json\/wp\/v2\/product_cat?post=13603"},{"taxonomy":"product_tag","embeddable":true,"href":"https:\/\/zbranebudai.sk\/hu\/wp-json\/wp\/v2\/product_tag?post=13603"}],"curies":[{"name":"wp","href":"https:\/\/api.w.org\/{rel}","templated":true}]}}