{"id":13600,"date":"2025-02-17T17:54:57","date_gmt":"2025-02-17T15:54:57","guid":{"rendered":"https:\/\/zbranebudai.sk\/product\/vzduchovka-hatsan-striker-edge-camo-kal-45mm\/"},"modified":"2026-04-09T01:10:54","modified_gmt":"2026-04-08T23:10:54","slug":"legpuska-hatsan-striker-edge-camo-cal-45mm","status":"publish","type":"product","link":"https:\/\/zbranebudai.sk\/hu\/product\/vzduchovka-hatsan-striker-edge-camo-kal-45mm\/","title":{"rendered":"L\u00e9gpuska Hatsan Striker Edge Camo, cal. 4,5mm"},"content":{"rendered":"<p>PARAM\u00c9TEREK:<\/p>\n<p>Energia: legfeljebb 17 J<br \/>\nCs\u0151hossz: 420 mm<br \/>\nTeljes hossz: 1100 mm<br \/>\nC\u00e9lpont: z\u00f6ld Truglo 0,9 mm-es f\u00e9nyvezet\u0151 sz\u00e1l<br \/>\nFly: piros Truglo 1,5 mm-es k\u00f6nny\u0171 v\u00edzsz\u00e1las fonal<br \/>\nSzerel\u00e9si hornyok: 11 mm<br \/>\nS\u00faly: 3,0 kg<\/p>","protected":false},"excerpt":{"rendered":"<p>Hatsan Striker Edge Camo - l\u00e9gpuska szintetikus sz\u00e1rral \u00e9s orrpof\u00e1val, jobb- \u00e9s balkezes l\u00f6v\u0151k sz\u00e1m\u00e1ra. \u00c1ll\u00edthat\u00f3 ellen\u00e1ll\u00e1s \u00e9s ravasz\u00fat. Ravaszbiztos\u00edt\u00e1s. 11 mm-es szerel\u0151hornyok puskat\u00e1vcs\u0151 vagy kollim\u00e1tor felszerel\u00e9s\u00e9hez. TRU-GLO sz\u00e1loptik\u00e1s c\u00e9lz\u00f3k\u00e9sz\u00fcl\u00e9k kontrasztos sz\u00ednekkel a jobb c\u00e9lz\u00e1s \u00e9rdek\u00e9ben m\u00e9g gyenge f\u00e9nyviszonyok mellett is.<\/p>","protected":false},"featured_media":6411,"template":"","meta":{"_gspb_post_css":""},"product_brand":[],"product_cat":[1835,1834,1824],"product_tag":[],"class_list":{"0":"post-13600","1":"product","2":"type-product","3":"status-publish","4":"has-post-thumbnail","6":"product_cat-dlhe-vzduchovky","7":"product_cat-vzduchovky","8":"product_cat-zbrane-18-d","10":"first","11":"instock","12":"taxable","13":"shipping-taxable","14":"purchasable","15":"product-type-simple"},"ct_brands":[],"_links":{"self":[{"href":"https:\/\/zbranebudai.sk\/hu\/wp-json\/wp\/v2\/product\/13600","targetHints":{"allow":["GET"]}}],"collection":[{"href":"https:\/\/zbranebudai.sk\/hu\/wp-json\/wp\/v2\/product"}],"about":[{"href":"https:\/\/zbranebudai.sk\/hu\/wp-json\/wp\/v2\/types\/product"}],"wp:featuredmedia":[{"embeddable":true,"href":"https:\/\/zbranebudai.sk\/hu\/wp-json\/wp\/v2\/media\/6411"}],"wp:attachment":[{"href":"https:\/\/zbranebudai.sk\/hu\/wp-json\/wp\/v2\/media?parent=13600"}],"wp:term":[{"taxonomy":"product_brand","embeddable":true,"href":"https:\/\/zbranebudai.sk\/hu\/wp-json\/wp\/v2\/product_brand?post=13600"},{"taxonomy":"product_cat","embeddable":true,"href":"https:\/\/zbranebudai.sk\/hu\/wp-json\/wp\/v2\/product_cat?post=13600"},{"taxonomy":"product_tag","embeddable":true,"href":"https:\/\/zbranebudai.sk\/hu\/wp-json\/wp\/v2\/product_tag?post=13600"}],"curies":[{"name":"wp","href":"https:\/\/api.w.org\/{rel}","templated":true}]}}