{"id":13592,"date":"2025-02-17T17:54:57","date_gmt":"2025-02-17T15:54:57","guid":{"rendered":"https:\/\/zbranebudai.sk\/product\/muska-pre-mr223-mr308-sklopna\/"},"modified":"2026-04-16T04:11:53","modified_gmt":"2026-04-16T02:11:53","slug":"mr223-mr308-osszecsukhato-mr223-mr308-osszecsukhato","status":"publish","type":"product","link":"https:\/\/zbranebudai.sk\/hu\/product\/muska-pre-mr223-mr308-sklopna\/","title":{"rendered":"L\u00e9gy az MR223\/MR308 \u00f6sszecsukhat\u00f3hoz"},"content":{"rendered":"","protected":false},"excerpt":{"rendered":"<p>A sz\u00e1nd\u00e9kos magass\u00e1ga 33 mm. Ez a c\u00e9lt\u00e1vcs\u0151 a 235334-es csukl\u00f3s, gyorsan levehet\u0151 c\u00e9lt\u00e1vcs\u0151h\u00f6z k\u00e9sz\u00fclt. Nem szerelhet\u0151 a HK MR308 20\u2033 t\u00edpus\u00fa c\u00e9lt\u00e1vcs\u0151re. Elt\u00e9r\u00e9s a k\u00e9pt\u0151l: a c\u00e9lkereszt k\u00f6r\u00fcli gy\u0171r\u0171 fel\u00fclr\u0151l nyitott. Picatinny s\u00ednes r\u00f6gz\u00edt\u00e9s.<\/p>","protected":false},"featured_media":6381,"template":"","meta":{"_gspb_post_css":""},"product_brand":[],"product_cat":[1821,1867,1932,1820],"product_tag":[],"class_list":{"0":"post-13592","1":"product","2":"type-product","3":"status-publish","4":"has-post-thumbnail","6":"product_cat-gulovnice-zbrane-b-c","7":"product_cat-heckler-koch-gulovnice-zbrane-b-c","8":"product_cat-prislusenstvo-hk","9":"product_cat-zbrane-b-c","11":"first","12":"outofstock","13":"taxable","14":"shipping-taxable","15":"purchasable","16":"product-type-simple"},"ct_brands":[],"_links":{"self":[{"href":"https:\/\/zbranebudai.sk\/hu\/wp-json\/wp\/v2\/product\/13592","targetHints":{"allow":["GET"]}}],"collection":[{"href":"https:\/\/zbranebudai.sk\/hu\/wp-json\/wp\/v2\/product"}],"about":[{"href":"https:\/\/zbranebudai.sk\/hu\/wp-json\/wp\/v2\/types\/product"}],"wp:featuredmedia":[{"embeddable":true,"href":"https:\/\/zbranebudai.sk\/hu\/wp-json\/wp\/v2\/media\/6381"}],"wp:attachment":[{"href":"https:\/\/zbranebudai.sk\/hu\/wp-json\/wp\/v2\/media?parent=13592"}],"wp:term":[{"taxonomy":"product_brand","embeddable":true,"href":"https:\/\/zbranebudai.sk\/hu\/wp-json\/wp\/v2\/product_brand?post=13592"},{"taxonomy":"product_cat","embeddable":true,"href":"https:\/\/zbranebudai.sk\/hu\/wp-json\/wp\/v2\/product_cat?post=13592"},{"taxonomy":"product_tag","embeddable":true,"href":"https:\/\/zbranebudai.sk\/hu\/wp-json\/wp\/v2\/product_tag?post=13592"}],"curies":[{"name":"wp","href":"https:\/\/api.w.org\/{rel}","templated":true}]}}