{"id":13587,"date":"2025-02-17T17:54:53","date_gmt":"2025-02-17T15:54:53","guid":{"rendered":"https:\/\/zbranebudai.sk\/product\/drziak-na-popruh-s-rotacnym-kolieskom-a-otocnym-ockom-pre-putko\/"},"modified":"2026-04-09T01:31:53","modified_gmt":"2026-04-08T23:31:53","slug":"szijtarto-forgo-kerekkel-es-forgo-szemmel-a-bilincshez","status":"publish","type":"product","link":"https:\/\/zbranebudai.sk\/hu\/product\/drziak-na-popruh-s-rotacnym-kolieskom-a-otocnym-ockom-pre-putko\/","title":{"rendered":"P\u00e1nttart\u00f3 forg\u00f3 ker\u00e9kkel \u00e9s forg\u00f3 hurokkal a hurokhoz"},"content":{"rendered":"","protected":false},"excerpt":{"rendered":"<p>A Picatinny s\u00ednre van felszerelve.<\/p>","protected":false},"featured_media":6363,"template":"","meta":{"_gspb_post_css":""},"product_brand":[],"product_cat":[1821,1867,1932,1820],"product_tag":[],"class_list":{"0":"post-13587","1":"product","2":"type-product","3":"status-publish","4":"has-post-thumbnail","6":"product_cat-gulovnice-zbrane-b-c","7":"product_cat-heckler-koch-gulovnice-zbrane-b-c","8":"product_cat-prislusenstvo-hk","9":"product_cat-zbrane-b-c","11":"first","12":"outofstock","13":"taxable","14":"shipping-taxable","15":"purchasable","16":"product-type-simple"},"ct_brands":[],"_links":{"self":[{"href":"https:\/\/zbranebudai.sk\/hu\/wp-json\/wp\/v2\/product\/13587","targetHints":{"allow":["GET"]}}],"collection":[{"href":"https:\/\/zbranebudai.sk\/hu\/wp-json\/wp\/v2\/product"}],"about":[{"href":"https:\/\/zbranebudai.sk\/hu\/wp-json\/wp\/v2\/types\/product"}],"wp:featuredmedia":[{"embeddable":true,"href":"https:\/\/zbranebudai.sk\/hu\/wp-json\/wp\/v2\/media\/6363"}],"wp:attachment":[{"href":"https:\/\/zbranebudai.sk\/hu\/wp-json\/wp\/v2\/media?parent=13587"}],"wp:term":[{"taxonomy":"product_brand","embeddable":true,"href":"https:\/\/zbranebudai.sk\/hu\/wp-json\/wp\/v2\/product_brand?post=13587"},{"taxonomy":"product_cat","embeddable":true,"href":"https:\/\/zbranebudai.sk\/hu\/wp-json\/wp\/v2\/product_cat?post=13587"},{"taxonomy":"product_tag","embeddable":true,"href":"https:\/\/zbranebudai.sk\/hu\/wp-json\/wp\/v2\/product_tag?post=13587"}],"curies":[{"name":"wp","href":"https:\/\/api.w.org\/{rel}","templated":true}]}}