{"id":13582,"date":"2025-02-17T17:54:53","date_gmt":"2025-02-17T15:54:53","guid":{"rendered":"https:\/\/zbranebudai.sk\/product\/zasobnik-pre-hammerli-p26-kal-9mm-p-a-k\/"},"modified":"2026-04-16T04:07:31","modified_gmt":"2026-04-16T02:07:31","slug":"tartaly-hammerli-p26-cal-9mm-p-a-k","status":"publish","type":"product","link":"https:\/\/zbranebudai.sk\/hu\/product\/zasobnik-pre-hammerli-p26-kal-9mm-p-a-k\/","title":{"rendered":"T\u00f6lt\u00e9nyt\u00e1r a H\u00e4mmerli P26-hoz, cal. 9mm P.A.K."},"content":{"rendered":"","protected":false},"excerpt":{"rendered":"<p>.<\/p>","protected":false},"featured_media":6343,"template":"","meta":{"_gspb_post_css":""},"product_brand":[],"product_cat":[1825,1827,1826,1824],"product_tag":[],"class_list":{"0":"post-13582","1":"product","2":"type-product","3":"status-publish","4":"has-post-thumbnail","6":"product_cat-expanzne-zbrane","7":"product_cat-prislusenstvo-umarex","8":"product_cat-umarex","9":"product_cat-zbrane-18-d","11":"first","12":"instock","13":"taxable","14":"shipping-taxable","15":"purchasable","16":"product-type-simple"},"ct_brands":[],"_links":{"self":[{"href":"https:\/\/zbranebudai.sk\/hu\/wp-json\/wp\/v2\/product\/13582","targetHints":{"allow":["GET"]}}],"collection":[{"href":"https:\/\/zbranebudai.sk\/hu\/wp-json\/wp\/v2\/product"}],"about":[{"href":"https:\/\/zbranebudai.sk\/hu\/wp-json\/wp\/v2\/types\/product"}],"wp:featuredmedia":[{"embeddable":true,"href":"https:\/\/zbranebudai.sk\/hu\/wp-json\/wp\/v2\/media\/6343"}],"wp:attachment":[{"href":"https:\/\/zbranebudai.sk\/hu\/wp-json\/wp\/v2\/media?parent=13582"}],"wp:term":[{"taxonomy":"product_brand","embeddable":true,"href":"https:\/\/zbranebudai.sk\/hu\/wp-json\/wp\/v2\/product_brand?post=13582"},{"taxonomy":"product_cat","embeddable":true,"href":"https:\/\/zbranebudai.sk\/hu\/wp-json\/wp\/v2\/product_cat?post=13582"},{"taxonomy":"product_tag","embeddable":true,"href":"https:\/\/zbranebudai.sk\/hu\/wp-json\/wp\/v2\/product_tag?post=13582"}],"curies":[{"name":"wp","href":"https:\/\/api.w.org\/{rel}","templated":true}]}}