{"id":13581,"date":"2025-02-17T17:54:53","date_gmt":"2025-02-17T15:54:53","guid":{"rendered":"https:\/\/zbranebudai.sk\/product\/pistol-co2-colt-defender-kal-45mm-bb\/"},"modified":"2026-04-30T09:21:15","modified_gmt":"2026-04-30T07:21:15","slug":"co2-colt-defender-pisztoly-45mm-kaliberu-bb","status":"publish","type":"product","link":"https:\/\/zbranebudai.sk\/hu\/product\/pistol-co2-colt-defender-kal-45mm-bb\/","title":{"rendered":"CO2 pisztoly Colt Defender, cal. 4,5mm BB"},"content":{"rendered":"<p>PARAM\u00c9TEREK:<\/p>\n<p>Energia: 3 J<br \/>\nMenetsebess\u00e9g: 130 m\/s<br \/>\nCs\u0151hossz: 108 mm<br \/>\nTeljes hossz: 177 mm<br \/>\nKapacit\u00e1s: 16<br \/>\nCO\u2082 patron kapacit\u00e1sa: 165 l\u00f6v\u00e9s<br \/>\nS\u00faly: 760 g\u00a0<\/p>","protected":false},"excerpt":{"rendered":"<p>CO2 pisztoly Colt Defender, cal. 4,5 mm-es BB egy kiv\u00e1l\u00f3, teljesen f\u00e9mb\u0151l k\u00e9sz\u00fclt fegyver, re\u00e1lis s\u00fallyal \u00e9s j\u00f3 \u00e1r\/teljes\u00edtm\u00e9ny ar\u00e1nnyal. A k\u00e9zi biztos\u00edt\u00e9k megakad\u00e1lyozza a v\u00e9letlen els\u00fct\u00e9st. A fegyvert k\u00f6nny\u0171 megfogni, \u00e9s a cs\u0151 alatti sz\u00f6v\u0151s\u00edn lehet\u0151v\u00e9 teszi l\u00e9zer vagy taktikai l\u00e1mpa felszerel\u00e9s\u00e9t.<\/p>","protected":false},"featured_media":6341,"template":"","meta":{"_gspb_post_css":""},"product_brand":[],"product_cat":[1900,1829,1824,1828],"product_tag":[],"class_list":{"0":"post-13581","1":"product","2":"type-product","3":"status-publish","4":"has-post-thumbnail","6":"product_cat-colt-pistole-na-co2","7":"product_cat-pistole-na-co2","8":"product_cat-zbrane-18-d","9":"product_cat-zbrane-na-co2","11":"first","12":"instock","13":"taxable","14":"shipping-taxable","15":"purchasable","16":"product-type-simple"},"ct_brands":[],"_links":{"self":[{"href":"https:\/\/zbranebudai.sk\/hu\/wp-json\/wp\/v2\/product\/13581","targetHints":{"allow":["GET"]}}],"collection":[{"href":"https:\/\/zbranebudai.sk\/hu\/wp-json\/wp\/v2\/product"}],"about":[{"href":"https:\/\/zbranebudai.sk\/hu\/wp-json\/wp\/v2\/types\/product"}],"wp:featuredmedia":[{"embeddable":true,"href":"https:\/\/zbranebudai.sk\/hu\/wp-json\/wp\/v2\/media\/6341"}],"wp:attachment":[{"href":"https:\/\/zbranebudai.sk\/hu\/wp-json\/wp\/v2\/media?parent=13581"}],"wp:term":[{"taxonomy":"product_brand","embeddable":true,"href":"https:\/\/zbranebudai.sk\/hu\/wp-json\/wp\/v2\/product_brand?post=13581"},{"taxonomy":"product_cat","embeddable":true,"href":"https:\/\/zbranebudai.sk\/hu\/wp-json\/wp\/v2\/product_cat?post=13581"},{"taxonomy":"product_tag","embeddable":true,"href":"https:\/\/zbranebudai.sk\/hu\/wp-json\/wp\/v2\/product_tag?post=13581"}],"curies":[{"name":"wp","href":"https:\/\/api.w.org\/{rel}","templated":true}]}}