{"id":13576,"date":"2025-02-17T17:54:52","date_gmt":"2025-02-17T15:54:52","guid":{"rendered":"https:\/\/zbranebudai.sk\/product\/zasobnik-sako-90-85-s-kal-308win-5rd\/"},"modified":"2026-04-01T23:31:05","modified_gmt":"2026-04-01T21:31:05","slug":"henger-kopeny-90-85-cal-308win-5rd","status":"publish","type":"product","link":"https:\/\/zbranebudai.sk\/hu\/product\/zasobnik-sako-90-85-s-kal-308win-5rd\/","title":{"rendered":"Magazin Sako 90\/85\/S cal. 308Win 5rd"},"content":{"rendered":"","protected":false},"excerpt":{"rendered":"<p>T\u00f6lt\u00e9nyt\u00e1r 5 t\u00f6lt\u00e9nyhez cal. 308Win, 338Fed, 243Win, 260Rem, 7mm-08Rem, 6,5CRMR, 6,5CRMR<\/p>","protected":false},"featured_media":6315,"template":"","meta":{"_gspb_post_css":""},"product_brand":[],"product_cat":[1821,1928,1822,1856,1820],"product_tag":[],"class_list":{"0":"post-13576","1":"product","2":"type-product","3":"status-publish","4":"has-post-thumbnail","6":"product_cat-gulovnice-zbrane-b-c","7":"product_cat-prislusenstvo-sako","8":"product_cat-sako","9":"product_cat-zasobniky","10":"product_cat-zbrane-b-c","12":"first","13":"outofstock","14":"taxable","15":"shipping-taxable","16":"purchasable","17":"product-type-simple"},"ct_brands":[],"_links":{"self":[{"href":"https:\/\/zbranebudai.sk\/hu\/wp-json\/wp\/v2\/product\/13576","targetHints":{"allow":["GET"]}}],"collection":[{"href":"https:\/\/zbranebudai.sk\/hu\/wp-json\/wp\/v2\/product"}],"about":[{"href":"https:\/\/zbranebudai.sk\/hu\/wp-json\/wp\/v2\/types\/product"}],"wp:featuredmedia":[{"embeddable":true,"href":"https:\/\/zbranebudai.sk\/hu\/wp-json\/wp\/v2\/media\/6315"}],"wp:attachment":[{"href":"https:\/\/zbranebudai.sk\/hu\/wp-json\/wp\/v2\/media?parent=13576"}],"wp:term":[{"taxonomy":"product_brand","embeddable":true,"href":"https:\/\/zbranebudai.sk\/hu\/wp-json\/wp\/v2\/product_brand?post=13576"},{"taxonomy":"product_cat","embeddable":true,"href":"https:\/\/zbranebudai.sk\/hu\/wp-json\/wp\/v2\/product_cat?post=13576"},{"taxonomy":"product_tag","embeddable":true,"href":"https:\/\/zbranebudai.sk\/hu\/wp-json\/wp\/v2\/product_tag?post=13576"}],"curies":[{"name":"wp","href":"https:\/\/api.w.org\/{rel}","templated":true}]}}