{"id":13574,"date":"2025-02-17T17:54:52","date_gmt":"2025-02-17T15:54:52","guid":{"rendered":"https:\/\/zbranebudai.sk\/product\/zasobnik-tikka-t3x-t3-long-3rd-30-06spr\/"},"modified":"2026-04-30T09:26:27","modified_gmt":"2026-04-30T07:26:27","slug":"tikka-t3x-t3-hosszu-3-30-06spr","status":"publish","type":"product","link":"https:\/\/zbranebudai.sk\/hu\/product\/zasobnik-tikka-t3x-t3-long-3rd-30-06spr\/","title":{"rendered":"Tikka T3x\/T3 Long 3. t\u00e1r (30-06Spr)"},"content":{"rendered":"","protected":false},"excerpt":{"rendered":"<p>T3x \u00e9s T3 modellekhez 3 t\u00f6lt\u00e9nyt\u00e1r kal. 30-06Spr, 7\u00d764, 8x57IS, 270Win, 25-06Rem, 6,5x55SE, 9,3\u00d762, 300WinMag, 338WinMag, 7mmRemMag.<\/p>","protected":false},"featured_media":6311,"template":"","meta":{"_gspb_post_css":""},"product_brand":[],"product_cat":[1821,1855,1854,2227,1820],"product_tag":[],"class_list":{"0":"post-13574","1":"product","2":"type-product","3":"status-publish","4":"has-post-thumbnail","6":"product_cat-gulovnice-zbrane-b-c","7":"product_cat-prislusenstvo-tikka","8":"product_cat-tikka","9":"product_cat-zasobniky-prislusenstvo-tikka","10":"product_cat-zbrane-b-c","12":"first","13":"instock","14":"taxable","15":"shipping-taxable","16":"purchasable","17":"product-type-simple"},"ct_brands":[],"_links":{"self":[{"href":"https:\/\/zbranebudai.sk\/hu\/wp-json\/wp\/v2\/product\/13574","targetHints":{"allow":["GET"]}}],"collection":[{"href":"https:\/\/zbranebudai.sk\/hu\/wp-json\/wp\/v2\/product"}],"about":[{"href":"https:\/\/zbranebudai.sk\/hu\/wp-json\/wp\/v2\/types\/product"}],"wp:featuredmedia":[{"embeddable":true,"href":"https:\/\/zbranebudai.sk\/hu\/wp-json\/wp\/v2\/media\/6311"}],"wp:attachment":[{"href":"https:\/\/zbranebudai.sk\/hu\/wp-json\/wp\/v2\/media?parent=13574"}],"wp:term":[{"taxonomy":"product_brand","embeddable":true,"href":"https:\/\/zbranebudai.sk\/hu\/wp-json\/wp\/v2\/product_brand?post=13574"},{"taxonomy":"product_cat","embeddable":true,"href":"https:\/\/zbranebudai.sk\/hu\/wp-json\/wp\/v2\/product_cat?post=13574"},{"taxonomy":"product_tag","embeddable":true,"href":"https:\/\/zbranebudai.sk\/hu\/wp-json\/wp\/v2\/product_tag?post=13574"}],"curies":[{"name":"wp","href":"https:\/\/api.w.org\/{rel}","templated":true}]}}