{"id":13570,"date":"2025-02-17T17:54:52","date_gmt":"2025-02-17T15:54:52","guid":{"rendered":"https:\/\/zbranebudai.sk\/product\/ruger-sr1911-full-size-6700-kal-45-auto\/"},"modified":"2026-04-16T04:02:54","modified_gmt":"2026-04-16T02:02:54","slug":"ruger-sr1911-teljes-meret-6700-cal-45-auto","status":"publish","type":"product","link":"https:\/\/zbranebudai.sk\/hu\/product\/ruger-sr1911-full-size-6700-kal-45-auto\/","title":{"rendered":"Ruger SR1911 Full-Size 6700, cal. .45 Auto"},"content":{"rendered":"<p>PARAM\u00c9TEREK:<\/p>\n<p>T\u00e1lcakapacit\u00e1s: 8<br \/>\nCs\u0151hossz: 127 mm (5\u2033)<br \/>\nTeljes hossz: 220 mm<br \/>\nSz\u00e9less\u00e9g: 34 mm<br \/>\nMagass\u00e1g: 138 mm<br \/>\nCs\u0151oszt\u00e1s: 1:16\u2033 RH<br \/>\nS\u00faly: 1,1 kg<\/p>","protected":false},"excerpt":{"rendered":"<p>A Ruger SR1911 Full-Size 6700 egy f\u00e9lautomata .45 Auto kaliber\u0171, 1911-es t\u00edpus\u00fa pisztoly, amely pontoss\u00e1g\u00e1r\u00f3l \u00e9s megb\u00edzhat\u00f3s\u00e1g\u00e1r\u00f3l ismert. Prec\u00edzi\u00f3s kivitelez\u00e9ssel, rozsdamentes ac\u00e9lcs\u0151vel \u00e9s k\u00f6nny\u0171 alum\u00edniumszerkezettel rendelkezik, hagyom\u00e1nyos kivitelben, matt rozsdamentes kivitelben, cser\u00e9lhet\u0151 kem\u00e9nyfa markolatpanelekkel \u00e9s sakkt\u00e1bl\u00e1zattal a h\u00e1tlapon. A csontv\u00e1zas alum\u00ednium ravasz nagyon \u00e9les, k\u00f6nny\u0171 fog\u00e1st biztos\u00edt gyors vissza\u00e1ll\u00edt\u00e1ssal. A Ruger SR1911 Full-Size 6700 k\u00e9zi biztos\u00edt\u00e9kkal, markolatbiztos\u00edt\u00e1ssal, t\u00f6lt\u00f6tt kamra jelz\u0151vel \u00e9s szkeletoniz\u00e1lt kalap\u00e1ccsal, tit\u00e1n gy\u00fajt\u00f3szeggel rendelkezik. Tartalmaz 2 rozsdamentes ac\u00e9l t\u00e1rat. A k\u00e9szletet 2025 febru\u00e1r k\u00f6zep\u00e9n fogjuk felt\u00f6lteni.<\/p>","protected":false},"featured_media":6285,"template":"","meta":{"_gspb_post_css":""},"product_brand":[],"product_cat":[1864,1877,1927,1820],"product_tag":[],"class_list":{"0":"post-13570","1":"product","2":"type-product","3":"status-publish","4":"has-post-thumbnail","6":"product_cat-pistole-zbrane-b-c","7":"product_cat-ruger-pistole-zbrane-b-c","8":"product_cat-sr1911","9":"product_cat-zbrane-b-c","11":"first","12":"instock","13":"taxable","14":"shipping-taxable","15":"purchasable","16":"product-type-simple"},"ct_brands":[],"_links":{"self":[{"href":"https:\/\/zbranebudai.sk\/hu\/wp-json\/wp\/v2\/product\/13570","targetHints":{"allow":["GET"]}}],"collection":[{"href":"https:\/\/zbranebudai.sk\/hu\/wp-json\/wp\/v2\/product"}],"about":[{"href":"https:\/\/zbranebudai.sk\/hu\/wp-json\/wp\/v2\/types\/product"}],"wp:featuredmedia":[{"embeddable":true,"href":"https:\/\/zbranebudai.sk\/hu\/wp-json\/wp\/v2\/media\/6285"}],"wp:attachment":[{"href":"https:\/\/zbranebudai.sk\/hu\/wp-json\/wp\/v2\/media?parent=13570"}],"wp:term":[{"taxonomy":"product_brand","embeddable":true,"href":"https:\/\/zbranebudai.sk\/hu\/wp-json\/wp\/v2\/product_brand?post=13570"},{"taxonomy":"product_cat","embeddable":true,"href":"https:\/\/zbranebudai.sk\/hu\/wp-json\/wp\/v2\/product_cat?post=13570"},{"taxonomy":"product_tag","embeddable":true,"href":"https:\/\/zbranebudai.sk\/hu\/wp-json\/wp\/v2\/product_tag?post=13570"}],"curies":[{"name":"wp","href":"https:\/\/api.w.org\/{rel}","templated":true}]}}