{"id":13568,"date":"2025-02-17T17:54:52","date_gmt":"2025-02-17T15:54:52","guid":{"rendered":"https:\/\/zbranebudai.sk\/product\/pazbicka-19911-83000-pre-ruger-n-m-blackhawk\/"},"modified":"2026-04-16T06:03:56","modified_gmt":"2026-04-16T04:03:56","slug":"karom-19911-83000-ruger-n-m-blackhawkhoz","status":"publish","type":"product","link":"https:\/\/zbranebudai.sk\/hu\/product\/pazbicka-19911-83000-pre-ruger-n-m-blackhawk\/","title":{"rendered":"19911 (83000) tok a Ruger N.M. Blackhawk"},"content":{"rendered":"","protected":false},"excerpt":{"rendered":"<p>Ruger\u00ae New Model Blackhawk\u00ae XR-3 v\u00e1zzal rendelkez\u0151 modellekhez (nem kompatibilis a r\u00e9gi XR-3 v\u00e1zzal - h\u00e1romcsavaros modell), Ruger\u00ae New Model Super Blackhawk\u00ae, Ruger\u00ae Single Six\u00ae, Ruger\u00ae New Model Single Six\u00ae \u00e9s Ruger\u00ae Vaquero\u00ae.  Nem kompatibilis a Ruger Super Blackhawk\u00ae Super Blackhawk\u00ae modell Hunter sorozat\u00fa kerek \u00edjjal. Nem kompatibilis a bels\u0151 z\u00e1rral ell\u00e1tott modellekkel.<\/p>","protected":false},"featured_media":6281,"template":"","meta":{"_gspb_post_css":""},"product_brand":[],"product_cat":[1917,1858,1859,1820],"product_tag":[],"class_list":{"0":"post-13568","1":"product","2":"type-product","3":"status-publish","4":"has-post-thumbnail","6":"product_cat-prislusenstvo-ruger-ruger-revolvery-zbrane-b-c","7":"product_cat-revolvery-zbrane-b-c","8":"product_cat-ruger-revolvery-zbrane-b-c","9":"product_cat-zbrane-b-c","11":"first","12":"outofstock","13":"taxable","14":"shipping-taxable","15":"purchasable","16":"product-type-simple"},"ct_brands":[],"_links":{"self":[{"href":"https:\/\/zbranebudai.sk\/hu\/wp-json\/wp\/v2\/product\/13568","targetHints":{"allow":["GET"]}}],"collection":[{"href":"https:\/\/zbranebudai.sk\/hu\/wp-json\/wp\/v2\/product"}],"about":[{"href":"https:\/\/zbranebudai.sk\/hu\/wp-json\/wp\/v2\/types\/product"}],"wp:featuredmedia":[{"embeddable":true,"href":"https:\/\/zbranebudai.sk\/hu\/wp-json\/wp\/v2\/media\/6281"}],"wp:attachment":[{"href":"https:\/\/zbranebudai.sk\/hu\/wp-json\/wp\/v2\/media?parent=13568"}],"wp:term":[{"taxonomy":"product_brand","embeddable":true,"href":"https:\/\/zbranebudai.sk\/hu\/wp-json\/wp\/v2\/product_brand?post=13568"},{"taxonomy":"product_cat","embeddable":true,"href":"https:\/\/zbranebudai.sk\/hu\/wp-json\/wp\/v2\/product_cat?post=13568"},{"taxonomy":"product_tag","embeddable":true,"href":"https:\/\/zbranebudai.sk\/hu\/wp-json\/wp\/v2\/product_tag?post=13568"}],"curies":[{"name":"wp","href":"https:\/\/api.w.org\/{rel}","templated":true}]}}