{"id":13567,"date":"2025-02-17T17:54:52","date_gmt":"2025-02-17T15:54:52","guid":{"rendered":"https:\/\/zbranebudai.sk\/product\/zasobnik-mag-7-90363-pre-ruger-ec9s-lc9s-predlzena-patka\/"},"modified":"2026-04-30T10:21:17","modified_gmt":"2026-04-30T08:21:17","slug":"mag-7-90363-a-ruger-ec9s-lc9s-hosszabbitott-labhoz","status":"publish","type":"product","link":"https:\/\/zbranebudai.sk\/hu\/product\/zasobnik-mag-7-90363-pre-ruger-ec9s-lc9s-predlzena-patka\/","title":{"rendered":"MAG\/7 t\u00e1r (90363) Ruger EC9s\/LC9shez (hosszabb\u00edtott l\u00e1b\u00fa)"},"content":{"rendered":"","protected":false},"excerpt":{"rendered":"<p>Kib\u0151v\u00edtett t\u00e1rny\u00edl\u00e1s Ruger EC9, LC9 \u00e9s LC9 cal. 9mm Luger, t\u00e1rkapacit\u00e1s 7 t\u00f6lt\u00e9nyt<\/p>","protected":false},"featured_media":6279,"template":"","meta":{"_gspb_post_css":""},"product_brand":[],"product_cat":[1864,1898,1877,1820],"product_tag":[],"class_list":{"0":"post-13567","1":"product","2":"type-product","3":"status-publish","4":"has-post-thumbnail","6":"product_cat-pistole-zbrane-b-c","7":"product_cat-prislusenstvo-ruger-ruger-pistole-zbrane-b-c","8":"product_cat-ruger-pistole-zbrane-b-c","9":"product_cat-zbrane-b-c","11":"first","12":"outofstock","13":"taxable","14":"shipping-taxable","15":"purchasable","16":"product-type-simple"},"ct_brands":[],"_links":{"self":[{"href":"https:\/\/zbranebudai.sk\/hu\/wp-json\/wp\/v2\/product\/13567","targetHints":{"allow":["GET"]}}],"collection":[{"href":"https:\/\/zbranebudai.sk\/hu\/wp-json\/wp\/v2\/product"}],"about":[{"href":"https:\/\/zbranebudai.sk\/hu\/wp-json\/wp\/v2\/types\/product"}],"wp:featuredmedia":[{"embeddable":true,"href":"https:\/\/zbranebudai.sk\/hu\/wp-json\/wp\/v2\/media\/6279"}],"wp:attachment":[{"href":"https:\/\/zbranebudai.sk\/hu\/wp-json\/wp\/v2\/media?parent=13567"}],"wp:term":[{"taxonomy":"product_brand","embeddable":true,"href":"https:\/\/zbranebudai.sk\/hu\/wp-json\/wp\/v2\/product_brand?post=13567"},{"taxonomy":"product_cat","embeddable":true,"href":"https:\/\/zbranebudai.sk\/hu\/wp-json\/wp\/v2\/product_cat?post=13567"},{"taxonomy":"product_tag","embeddable":true,"href":"https:\/\/zbranebudai.sk\/hu\/wp-json\/wp\/v2\/product_tag?post=13567"}],"curies":[{"name":"wp","href":"https:\/\/api.w.org\/{rel}","templated":true}]}}