{"id":13566,"date":"2025-02-17T17:54:52","date_gmt":"2025-02-17T15:54:52","guid":{"rendered":"https:\/\/zbranebudai.sk\/product\/hk-usc-kal-45acp\/"},"modified":"2026-04-16T03:55:05","modified_gmt":"2026-04-16T01:55:05","slug":"hk-usc-cal-45acp","status":"publish","type":"product","link":"https:\/\/zbranebudai.sk\/hu\/product\/hk-usc-kal-45acp\/","title":{"rendered":"HK USC, cal. .45ACP"},"content":{"rendered":"<p>PARAM\u00c9TEREK:<\/p>\n<p>Cs\u0151hossz: 406 mm\u00a0<br \/>\nTeljes hossz: 900 mm<br \/>\nA tart\u00e1ly kapacit\u00e1sa: 10\u00a0<br \/>\nPicatinny s\u00edn: igen<br \/>\nAnyag: ac\u00e9l<br \/>\nS\u00faly: 2,8 kg<\/p>","protected":false},"excerpt":{"rendered":"<p>HK USC - \u00f6nt\u00f6lt\u0151 karab\u00e9ly, cal. .45ACP, fekete, 10 t\u00f6lt\u00e9nyes t\u00e1r (m\u0171anyag), teljes hossza 900 mm, cs\u0151 hossza 406 mm, sz\u00e9less\u00e9ge 50 mm, magass\u00e1ga 245 mm, z\u00e1r\u00f3cs\u0151 hossza 327 mm, a fegyver s\u00falya t\u00e1r n\u00e9lk\u00fcl 2,72 kg, az \u00fcres t\u00e1r s\u00falya 0,10 kg. Rendk\u00edv\u00fcl megb\u00edzhat\u00f3 \u00f6nt\u00f6lt\u0151 rendszer. A cs\u0151szerelv\u00e9ny \u00e9s a cs\u0151 kiv\u00e1l\u00f3 min\u0151s\u00e9g\u0171 ac\u00e9lb\u00f3l k\u00e9sz\u00fclt. Felszerel\u00e9si pontok sz\u00f6v\u0151s\u00ednhez a c\u00e9lz\u00f3optika r\u00f6gz\u00edt\u00e9s\u00e9hez. A HK UMP g\u00e9ppisztolyb\u00f3l sz\u00e1rmazik.<\/p>","protected":false},"featured_media":6271,"template":"","meta":{"_gspb_post_css":""},"product_brand":[],"product_cat":[1821,1868,1867,1926,1820],"product_tag":[],"class_list":{"0":"post-13566","1":"product","2":"type-product","3":"status-publish","4":"has-post-thumbnail","6":"product_cat-gulovnice-zbrane-b-c","7":"product_cat-gulovnice-hk","8":"product_cat-heckler-koch-gulovnice-zbrane-b-c","9":"product_cat-usc","10":"product_cat-zbrane-b-c","12":"first","13":"outofstock","14":"taxable","15":"shipping-taxable","16":"purchasable","17":"product-type-simple"},"ct_brands":[],"_links":{"self":[{"href":"https:\/\/zbranebudai.sk\/hu\/wp-json\/wp\/v2\/product\/13566","targetHints":{"allow":["GET"]}}],"collection":[{"href":"https:\/\/zbranebudai.sk\/hu\/wp-json\/wp\/v2\/product"}],"about":[{"href":"https:\/\/zbranebudai.sk\/hu\/wp-json\/wp\/v2\/types\/product"}],"wp:featuredmedia":[{"embeddable":true,"href":"https:\/\/zbranebudai.sk\/hu\/wp-json\/wp\/v2\/media\/6271"}],"wp:attachment":[{"href":"https:\/\/zbranebudai.sk\/hu\/wp-json\/wp\/v2\/media?parent=13566"}],"wp:term":[{"taxonomy":"product_brand","embeddable":true,"href":"https:\/\/zbranebudai.sk\/hu\/wp-json\/wp\/v2\/product_brand?post=13566"},{"taxonomy":"product_cat","embeddable":true,"href":"https:\/\/zbranebudai.sk\/hu\/wp-json\/wp\/v2\/product_cat?post=13566"},{"taxonomy":"product_tag","embeddable":true,"href":"https:\/\/zbranebudai.sk\/hu\/wp-json\/wp\/v2\/product_tag?post=13566"}],"curies":[{"name":"wp","href":"https:\/\/api.w.org\/{rel}","templated":true}]}}