{"id":13560,"date":"2025-02-17T17:54:51","date_gmt":"2025-02-17T15:54:51","guid":{"rendered":"https:\/\/zbranebudai.sk\/product\/vzduchova-pistol-browning-buck-mark-urx-kal-45mm\/"},"modified":"2026-04-09T01:13:53","modified_gmt":"2026-04-08T23:13:53","slug":"legpisztoly-browning-buck-mark-urx-cal-45mm","status":"publish","type":"product","link":"https:\/\/zbranebudai.sk\/hu\/product\/vzduchova-pistol-browning-buck-mark-urx-kal-45mm\/","title":{"rendered":"L\u00e9gpisztoly Browning Buck Mark URX, cal. 4,5mm"},"content":{"rendered":"<p>PARAM\u00c9TEREK:<\/p>\n<p>Energia: legfeljebb 3 J<br \/>\nMenetsebess\u00e9g: ak\u00e1r 95 m\/s<br \/>\nCs\u0151hossz: 137 mm<br \/>\nTeljes hossz: 305 mm<br \/>\nS\u00faly: 680 g<\/p>","protected":false},"excerpt":{"rendered":"<p>A Browning Buck Mark URX l\u00e9gpisztoly az eredeti Browning .22 kaliber\u0171 pisztoly hiteles m\u00e1solata.A speci\u00e1lisan kialak\u00edtott markolat kiv\u00e1l\u00f3 kezelhet\u0151s\u00e9get biztos\u00edt, \u00e9s jobb- \u00e9s balkezes l\u00f6v\u00e9szek egyar\u00e1nt haszn\u00e1lhatj\u00e1k. A l\u00f6v\u00e9s ut\u00e1n is megtartja ugyanazt az \u00e9rzetet, ami jav\u00edtja a l\u00f6v\u00e9sz pontoss\u00e1g\u00e1t. Az \u00e1ll\u00edthat\u00f3 ir\u00e1nyz\u00e9k \u00e9s a picatinny s\u00edn lehet\u0151v\u00e9 teszi az optika felszerel\u00e9s\u00e9t.<\/p>","protected":false},"featured_media":6247,"template":"","meta":{"_gspb_post_css":""},"product_brand":[],"product_cat":[1857,1834,1824],"product_tag":[],"class_list":{"0":"post-13560","1":"product","2":"type-product","3":"status-publish","4":"has-post-thumbnail","6":"product_cat-kratke-vzduchovky","7":"product_cat-vzduchovky","8":"product_cat-zbrane-18-d","10":"first","11":"instock","12":"taxable","13":"shipping-taxable","14":"purchasable","15":"product-type-simple"},"ct_brands":[],"_links":{"self":[{"href":"https:\/\/zbranebudai.sk\/hu\/wp-json\/wp\/v2\/product\/13560","targetHints":{"allow":["GET"]}}],"collection":[{"href":"https:\/\/zbranebudai.sk\/hu\/wp-json\/wp\/v2\/product"}],"about":[{"href":"https:\/\/zbranebudai.sk\/hu\/wp-json\/wp\/v2\/types\/product"}],"wp:featuredmedia":[{"embeddable":true,"href":"https:\/\/zbranebudai.sk\/hu\/wp-json\/wp\/v2\/media\/6247"}],"wp:attachment":[{"href":"https:\/\/zbranebudai.sk\/hu\/wp-json\/wp\/v2\/media?parent=13560"}],"wp:term":[{"taxonomy":"product_brand","embeddable":true,"href":"https:\/\/zbranebudai.sk\/hu\/wp-json\/wp\/v2\/product_brand?post=13560"},{"taxonomy":"product_cat","embeddable":true,"href":"https:\/\/zbranebudai.sk\/hu\/wp-json\/wp\/v2\/product_cat?post=13560"},{"taxonomy":"product_tag","embeddable":true,"href":"https:\/\/zbranebudai.sk\/hu\/wp-json\/wp\/v2\/product_tag?post=13560"}],"curies":[{"name":"wp","href":"https:\/\/api.w.org\/{rel}","templated":true}]}}