{"id":13559,"date":"2025-02-17T17:54:49","date_gmt":"2025-02-17T15:54:49","guid":{"rendered":"https:\/\/zbranebudai.sk\/product\/pistol-co2-ux-xbg-kal-45mm-bb\/"},"modified":"2026-04-30T09:21:15","modified_gmt":"2026-04-30T07:21:15","slug":"pisztoly-co2-ux-xbg-cal-45mm-bb","status":"publish","type":"product","link":"https:\/\/zbranebudai.sk\/hu\/product\/pistol-co2-ux-xbg-kal-45mm-bb\/","title":{"rendered":"CO2 pisztoly UX XBG, cal. 4,5mm BB"},"content":{"rendered":"","protected":false},"excerpt":{"rendered":"<p>UX XBG: CO2 pisztoly cal. 4,5mm BB - ac\u00e9l goly\u00f3k, opp. DAO rendszer, polimer v\u00e1z \u00e9s z\u00e1r\u00f3szerkezet, fekete, cs\u0151 108 mm, teljes hossz 170 mm, s\u00faly 400 g, 19 goly\u00f3s t\u00e1r, stretch. sebess\u00e9g 120 m\/s, sz\u00f6v\u0151s\u00edn az \u00edj el\u0151tt.<\/p>","protected":false},"featured_media":6245,"template":"","meta":{"_gspb_post_css":""},"product_brand":[],"product_cat":[1829,1904,1824,1828],"product_tag":[],"class_list":{"0":"post-13559","1":"product","2":"type-product","3":"status-publish","4":"has-post-thumbnail","6":"product_cat-pistole-na-co2","7":"product_cat-ux-pistole-na-co2","8":"product_cat-zbrane-18-d","9":"product_cat-zbrane-na-co2","11":"first","12":"instock","13":"taxable","14":"shipping-taxable","15":"purchasable","16":"product-type-simple"},"ct_brands":[],"_links":{"self":[{"href":"https:\/\/zbranebudai.sk\/hu\/wp-json\/wp\/v2\/product\/13559","targetHints":{"allow":["GET"]}}],"collection":[{"href":"https:\/\/zbranebudai.sk\/hu\/wp-json\/wp\/v2\/product"}],"about":[{"href":"https:\/\/zbranebudai.sk\/hu\/wp-json\/wp\/v2\/types\/product"}],"wp:featuredmedia":[{"embeddable":true,"href":"https:\/\/zbranebudai.sk\/hu\/wp-json\/wp\/v2\/media\/6245"}],"wp:attachment":[{"href":"https:\/\/zbranebudai.sk\/hu\/wp-json\/wp\/v2\/media?parent=13559"}],"wp:term":[{"taxonomy":"product_brand","embeddable":true,"href":"https:\/\/zbranebudai.sk\/hu\/wp-json\/wp\/v2\/product_brand?post=13559"},{"taxonomy":"product_cat","embeddable":true,"href":"https:\/\/zbranebudai.sk\/hu\/wp-json\/wp\/v2\/product_cat?post=13559"},{"taxonomy":"product_tag","embeddable":true,"href":"https:\/\/zbranebudai.sk\/hu\/wp-json\/wp\/v2\/product_tag?post=13559"}],"curies":[{"name":"wp","href":"https:\/\/api.w.org\/{rel}","templated":true}]}}