{"id":13557,"date":"2025-02-17T17:54:49","date_gmt":"2025-02-17T15:54:49","guid":{"rendered":"https:\/\/zbranebudai.sk\/product\/adapter-k-pre-p88-pk380-double-eagle-goverment-1911-a1-pre-signalne-strelivo\/"},"modified":"2026-04-23T06:48:21","modified_gmt":"2026-04-23T04:48:21","slug":"adapter-k-a-p88-pk380-double-eagle-goverment-1911-a1-jelzo-loszerhez","status":"publish","type":"product","link":"https:\/\/zbranebudai.sk\/hu\/product\/adapter-k-pre-p88-pk380-double-eagle-goverment-1911-a1-pre-signalne-strelivo\/","title":{"rendered":"Adapter K a P88\/PK380\/Double Eagle\/Goverment 1911 A1 jelz\u0151 l\u0151szerhez"},"content":{"rendered":"","protected":false},"excerpt":{"rendered":"<p>Adapter a jelz\u0151l\u0151szer kil\u00f6v\u00e9s\u00e9hez cal. 15 mm. A K adaptert az Umarex b\u0151v\u00edt\u0151 pisztolyok cal. 9 mm PA: Colt Double Eagle Combat Commander, Colt Government 1911 A1, Reck Miami 92F, Walther PK380, Walther P88 \u00e9s n\u00e9h\u00e1ny m\u00e1s modell.<\/p>","protected":false},"featured_media":6217,"template":"","meta":{"_gspb_post_css":""},"product_brand":[],"product_cat":[1825,1827,1826,1824],"product_tag":[],"class_list":{"0":"post-13557","1":"product","2":"type-product","3":"status-publish","4":"has-post-thumbnail","6":"product_cat-expanzne-zbrane","7":"product_cat-prislusenstvo-umarex","8":"product_cat-umarex","9":"product_cat-zbrane-18-d","11":"first","12":"instock","13":"taxable","14":"shipping-taxable","15":"purchasable","16":"product-type-simple"},"ct_brands":[],"_links":{"self":[{"href":"https:\/\/zbranebudai.sk\/hu\/wp-json\/wp\/v2\/product\/13557","targetHints":{"allow":["GET"]}}],"collection":[{"href":"https:\/\/zbranebudai.sk\/hu\/wp-json\/wp\/v2\/product"}],"about":[{"href":"https:\/\/zbranebudai.sk\/hu\/wp-json\/wp\/v2\/types\/product"}],"wp:featuredmedia":[{"embeddable":true,"href":"https:\/\/zbranebudai.sk\/hu\/wp-json\/wp\/v2\/media\/6217"}],"wp:attachment":[{"href":"https:\/\/zbranebudai.sk\/hu\/wp-json\/wp\/v2\/media?parent=13557"}],"wp:term":[{"taxonomy":"product_brand","embeddable":true,"href":"https:\/\/zbranebudai.sk\/hu\/wp-json\/wp\/v2\/product_brand?post=13557"},{"taxonomy":"product_cat","embeddable":true,"href":"https:\/\/zbranebudai.sk\/hu\/wp-json\/wp\/v2\/product_cat?post=13557"},{"taxonomy":"product_tag","embeddable":true,"href":"https:\/\/zbranebudai.sk\/hu\/wp-json\/wp\/v2\/product_tag?post=13557"}],"curies":[{"name":"wp","href":"https:\/\/api.w.org\/{rel}","templated":true}]}}