{"id":13556,"date":"2025-02-17T17:54:49","date_gmt":"2025-02-17T15:54:49","guid":{"rendered":"https:\/\/zbranebudai.sk\/product\/zasobnik-walther-p99-dao-co2-na-airsoft-gul-2-5684-1\/"},"modified":"2026-04-30T11:14:17","modified_gmt":"2026-04-30T09:14:17","slug":"walther-p99-dao-co2-tartaly-airsoft-gul-2-5684-1","status":"publish","type":"product","link":"https:\/\/zbranebudai.sk\/hu\/product\/zasobnik-walther-p99-dao-co2-na-airsoft-gul-2-5684-1\/","title":{"rendered":"Walther P99 DAO (CO2) t\u00e1r airsoft l\u00f6ved\u00e9kekhez. (2.5684.1)"},"content":{"rendered":"","protected":false},"excerpt":{"rendered":"<p>T\u00f6lt\u00e9nyt\u00e1r airsoft pisztolyhoz 2.5684 Walther P99 DAO, kapacit\u00e1s 15 goly\u00f3, cal. 6mm.<\/p>","protected":false},"featured_media":6215,"template":"","meta":{"_gspb_post_css":""},"product_brand":[],"product_cat":[1848,1925,1824],"product_tag":[],"class_list":{"0":"post-13556","1":"product","2":"type-product","3":"status-publish","4":"has-post-thumbnail","6":"product_cat-airsoft","7":"product_cat-airsoft-prislusenstvo","8":"product_cat-zbrane-18-d","10":"first","11":"instock","12":"taxable","13":"shipping-taxable","14":"purchasable","15":"product-type-simple"},"ct_brands":[],"_links":{"self":[{"href":"https:\/\/zbranebudai.sk\/hu\/wp-json\/wp\/v2\/product\/13556","targetHints":{"allow":["GET"]}}],"collection":[{"href":"https:\/\/zbranebudai.sk\/hu\/wp-json\/wp\/v2\/product"}],"about":[{"href":"https:\/\/zbranebudai.sk\/hu\/wp-json\/wp\/v2\/types\/product"}],"wp:featuredmedia":[{"embeddable":true,"href":"https:\/\/zbranebudai.sk\/hu\/wp-json\/wp\/v2\/media\/6215"}],"wp:attachment":[{"href":"https:\/\/zbranebudai.sk\/hu\/wp-json\/wp\/v2\/media?parent=13556"}],"wp:term":[{"taxonomy":"product_brand","embeddable":true,"href":"https:\/\/zbranebudai.sk\/hu\/wp-json\/wp\/v2\/product_brand?post=13556"},{"taxonomy":"product_cat","embeddable":true,"href":"https:\/\/zbranebudai.sk\/hu\/wp-json\/wp\/v2\/product_cat?post=13556"},{"taxonomy":"product_tag","embeddable":true,"href":"https:\/\/zbranebudai.sk\/hu\/wp-json\/wp\/v2\/product_tag?post=13556"}],"curies":[{"name":"wp","href":"https:\/\/api.w.org\/{rel}","templated":true}]}}