{"id":13555,"date":"2025-02-17T17:54:49","date_gmt":"2025-02-17T15:54:49","guid":{"rendered":"https:\/\/zbranebudai.sk\/product\/pistol-co2-beretta-m92-fs-xx-treme-kal-45mm-diabolo\/"},"modified":"2026-04-16T03:34:57","modified_gmt":"2026-04-16T01:34:57","slug":"co2-pisztoly-beretta-m92-fs-xx-treme-cal-45mm-diabolo","status":"publish","type":"product","link":"https:\/\/zbranebudai.sk\/hu\/product\/pistol-co2-beretta-m92-fs-xx-treme-kal-45mm-diabolo\/","title":{"rendered":"CO2 pisztoly Beretta M92 FS XX-Treme, cal. 4,5mm diabolo"},"content":{"rendered":"<p>Param\u00e9terek:<\/p>\n<p>Energia: legfeljebb 4 J<br \/>\nMenetsebess\u00e9g: 130 m\/s<br \/>\nTeljes hossz: 320 mm<br \/>\nCs\u0151hossz: 114,6 mm<br \/>\nT\u00e1lcakapacit\u00e1s: 8<br \/>\nCO\u2082 bomba kapacit\u00e1sa: 60 l\u00f6v\u00e9s<br \/>\nS\u00faly: 1,62 kg\u00a0<\/p>","protected":false},"excerpt":{"rendered":"<p>Egyedi taktikai k\u00e9szlet az igaz\u00e1n ig\u00e9nyes felhaszn\u00e1l\u00f3k sz\u00e1m\u00e1ra. A Beretta M92 FS XX-Treme l\u00e9gpisztoly form\u00e1ja megegyezik a val\u00f3di Beretta 92-es modell\u00e9vel, kiv\u00e1l\u00f3an hiteles, teljesen f\u00e9mb\u0151l k\u00e9sz\u00fclt, autentikus konstrukci\u00f3val \u00e9s nagyon j\u00f3 min\u0151s\u00e9g\u0171 \u00e9s tart\u00f3s kivitelez\u00e9ssel rendelkezik. Fel van szerelve 22 mm-es szerel\u0151s\u00ednekkel \u00e9s taktikai extr\u00e1kkal, mint p\u00e9ld\u00e1ul kollim\u00e1torral a gyors c\u00e9lmegjel\u00f6l\u00e9shez \u00e9s kompenz\u00e1torral a l\u00f6v\u00e9s pontoss\u00e1g\u00e1nak jav\u00edt\u00e1s\u00e1hoz. Ezek a p\u00f6rgetett cs\u0151vel egy\u00fctt val\u00f3ban rendk\u00edv\u00fcl pontos fegyverr\u00e9 teszik a Beretta 92-est. Egyed\u00fcl\u00e1ll\u00f3 taktikai k\u00e9szlet nagy \u00fct\u00e9si energi\u00e1val az igaz\u00e1n ig\u00e9nyes felhaszn\u00e1l\u00f3k sz\u00e1m\u00e1ra.<\/p>","protected":false},"featured_media":6211,"template":"","meta":{"_gspb_post_css":""},"product_brand":[],"product_cat":[1836,1829,1824,1828],"product_tag":[],"class_list":{"0":"post-13555","1":"product","2":"type-product","3":"status-publish","4":"has-post-thumbnail","6":"product_cat-beretta","7":"product_cat-pistole-na-co2","8":"product_cat-zbrane-18-d","9":"product_cat-zbrane-na-co2","11":"first","12":"instock","13":"taxable","14":"shipping-taxable","15":"purchasable","16":"product-type-simple"},"ct_brands":[],"_links":{"self":[{"href":"https:\/\/zbranebudai.sk\/hu\/wp-json\/wp\/v2\/product\/13555","targetHints":{"allow":["GET"]}}],"collection":[{"href":"https:\/\/zbranebudai.sk\/hu\/wp-json\/wp\/v2\/product"}],"about":[{"href":"https:\/\/zbranebudai.sk\/hu\/wp-json\/wp\/v2\/types\/product"}],"wp:featuredmedia":[{"embeddable":true,"href":"https:\/\/zbranebudai.sk\/hu\/wp-json\/wp\/v2\/media\/6211"}],"wp:attachment":[{"href":"https:\/\/zbranebudai.sk\/hu\/wp-json\/wp\/v2\/media?parent=13555"}],"wp:term":[{"taxonomy":"product_brand","embeddable":true,"href":"https:\/\/zbranebudai.sk\/hu\/wp-json\/wp\/v2\/product_brand?post=13555"},{"taxonomy":"product_cat","embeddable":true,"href":"https:\/\/zbranebudai.sk\/hu\/wp-json\/wp\/v2\/product_cat?post=13555"},{"taxonomy":"product_tag","embeddable":true,"href":"https:\/\/zbranebudai.sk\/hu\/wp-json\/wp\/v2\/product_tag?post=13555"}],"curies":[{"name":"wp","href":"https:\/\/api.w.org\/{rel}","templated":true}]}}