{"id":13554,"date":"2025-02-17T17:54:49","date_gmt":"2025-02-17T15:54:49","guid":{"rendered":"https:\/\/zbranebudai.sk\/product\/adapter-pyro-launcher-pre-5-svetlic\/"},"modified":"2026-04-16T04:07:31","modified_gmt":"2026-04-16T02:07:31","slug":"piro-kilovo-adapter-5-faklyahoz","status":"publish","type":"product","link":"https:\/\/zbranebudai.sk\/hu\/product\/adapter-pyro-launcher-pre-5-svetlic\/","title":{"rendered":"Pyro Launcher adapter 5 f\u00e1klya sz\u00e1m\u00e1ra"},"content":{"rendered":"","protected":false},"excerpt":{"rendered":"<p>Adapter Pyro Launcher 5 kaliber\u0171 f\u00e1klya kil\u00f6v\u00e9s\u00e9re. 15 mm-es f\u00e1klya egyidej\u0171leg. Egy darab alum\u00edniumb\u00f3l k\u00e9sz\u00fclt. Tartalmazza a C, I, K, L \u00e9s M adaptereket, \u00edgy a Pyro Launcher adapter kompatibilis az \u00f6sszes Browning, Colt, GLOCK, Heckler &amp; Koch, a legt\u00f6bb R\u00f6hm (kiv\u00e9ve RG 3, RG 300, RG 56), Smith &amp; Wesson \u00e9s Walther b\u0151v\u00edt\u0151fegyverrel.<\/p>","protected":false},"featured_media":6201,"template":"","meta":{"_gspb_post_css":""},"product_brand":[],"product_cat":[1825,1827,1826,1824],"product_tag":[],"class_list":{"0":"post-13554","1":"product","2":"type-product","3":"status-publish","4":"has-post-thumbnail","6":"product_cat-expanzne-zbrane","7":"product_cat-prislusenstvo-umarex","8":"product_cat-umarex","9":"product_cat-zbrane-18-d","11":"first","12":"instock","13":"taxable","14":"shipping-taxable","15":"purchasable","16":"product-type-simple"},"ct_brands":[],"_links":{"self":[{"href":"https:\/\/zbranebudai.sk\/hu\/wp-json\/wp\/v2\/product\/13554","targetHints":{"allow":["GET"]}}],"collection":[{"href":"https:\/\/zbranebudai.sk\/hu\/wp-json\/wp\/v2\/product"}],"about":[{"href":"https:\/\/zbranebudai.sk\/hu\/wp-json\/wp\/v2\/types\/product"}],"wp:featuredmedia":[{"embeddable":true,"href":"https:\/\/zbranebudai.sk\/hu\/wp-json\/wp\/v2\/media\/6201"}],"wp:attachment":[{"href":"https:\/\/zbranebudai.sk\/hu\/wp-json\/wp\/v2\/media?parent=13554"}],"wp:term":[{"taxonomy":"product_brand","embeddable":true,"href":"https:\/\/zbranebudai.sk\/hu\/wp-json\/wp\/v2\/product_brand?post=13554"},{"taxonomy":"product_cat","embeddable":true,"href":"https:\/\/zbranebudai.sk\/hu\/wp-json\/wp\/v2\/product_cat?post=13554"},{"taxonomy":"product_tag","embeddable":true,"href":"https:\/\/zbranebudai.sk\/hu\/wp-json\/wp\/v2\/product_tag?post=13554"}],"curies":[{"name":"wp","href":"https:\/\/api.w.org\/{rel}","templated":true}]}}