{"id":13548,"date":"2025-02-17T17:54:48","date_gmt":"2025-02-17T15:54:48","guid":{"rendered":"https:\/\/zbranebudai.sk\/product\/airsoft-revolver-ruger-superhawk-6-kal-6mm-co2\/"},"modified":"2026-05-14T16:06:26","modified_gmt":"2026-05-14T14:06:26","slug":"airsoft-revolver-ruger-superhawk-6-kaliber-6mm-co2","status":"publish","type":"product","link":"https:\/\/zbranebudai.sk\/hu\/product\/airsoft-revolver-ruger-superhawk-6-kal-6mm-co2\/","title":{"rendered":"Airsoft. revolver Ruger SuperHawk 6\u2033, cal. 6mm, CO2"},"content":{"rendered":"<p>PARAM\u00c9TEREK:<\/p>\n<p>Energia: 3 J<br \/>\nTeljes hossz: 295 mm<br \/>\nKapacit\u00e1s: 8<br \/>\nS\u00faly: 918 g<\/p>","protected":false},"excerpt":{"rendered":"<p>Ruger SuperHawk 6\u2033 t\u00f6m\u00f6r, teljesen f\u00e9m airsoft CO2 revolver nagyon j\u00f3 min\u0151s\u00e9g\u0171 kivitelez\u00e9ssel rendelkezik. A 88 mm-es sz\u00f6v\u0151s\u00edn lehet\u0151v\u00e9 teszi a k\u00fcl\u00f6nb\u00f6z\u0151 tartoz\u00e9kok felszerel\u00e9s\u00e9t, \u00e9s a 6\u2033-es, szell\u0151ztetett alj\u00fa cs\u0151vel egy\u00fctt fokozza a harci megjelen\u00e9st. Tov\u00e1bbi jellemz\u0151i k\u00f6z\u00e9 tartozik az \u00e1ll\u00edthat\u00f3 mikrom\u00e9teres c\u00e9lz\u00f3k\u00e9sz\u00fcl\u00e9k \u00e9s a cs\u00fasz\u00e1smentes Combat markolat. A hihetetlen, ak\u00e1r 3 J l\u00f6ved\u00e9kenergi\u00e1val rendelkez\u0151 0,25 g-os BB l\u00f6ved\u00e9kek torkolati sebess\u00e9ge 475 fps k\u00f6r\u00fcl van. Kiv\u00e1l\u00f3 fegyver az airsoft term\u00e9kek ter\u00fclet\u00e9n.<\/p>","protected":false},"featured_media":6168,"template":"","meta":{"_gspb_post_css":""},"product_brand":[],"product_cat":[1848,1849,1824],"product_tag":[],"class_list":{"0":"post-13548","1":"product","2":"type-product","3":"status-publish","4":"has-post-thumbnail","6":"product_cat-airsoft","7":"product_cat-airsoft-co2","8":"product_cat-zbrane-18-d","10":"first","11":"instock","12":"taxable","13":"shipping-taxable","14":"purchasable","15":"product-type-simple"},"ct_brands":[],"_links":{"self":[{"href":"https:\/\/zbranebudai.sk\/hu\/wp-json\/wp\/v2\/product\/13548","targetHints":{"allow":["GET"]}}],"collection":[{"href":"https:\/\/zbranebudai.sk\/hu\/wp-json\/wp\/v2\/product"}],"about":[{"href":"https:\/\/zbranebudai.sk\/hu\/wp-json\/wp\/v2\/types\/product"}],"wp:featuredmedia":[{"embeddable":true,"href":"https:\/\/zbranebudai.sk\/hu\/wp-json\/wp\/v2\/media\/6168"}],"wp:attachment":[{"href":"https:\/\/zbranebudai.sk\/hu\/wp-json\/wp\/v2\/media?parent=13548"}],"wp:term":[{"taxonomy":"product_brand","embeddable":true,"href":"https:\/\/zbranebudai.sk\/hu\/wp-json\/wp\/v2\/product_brand?post=13548"},{"taxonomy":"product_cat","embeddable":true,"href":"https:\/\/zbranebudai.sk\/hu\/wp-json\/wp\/v2\/product_cat?post=13548"},{"taxonomy":"product_tag","embeddable":true,"href":"https:\/\/zbranebudai.sk\/hu\/wp-json\/wp\/v2\/product_tag?post=13548"}],"curies":[{"name":"wp","href":"https:\/\/api.w.org\/{rel}","templated":true}]}}