{"id":13541,"date":"2025-02-17T17:54:47","date_gmt":"2025-02-17T15:54:47","guid":{"rendered":"https:\/\/zbranebudai.sk\/product\/pistol-co2-walther-cp88-cierna-kal-45mm-diabolo\/"},"modified":"2026-04-09T01:11:54","modified_gmt":"2026-04-08T23:11:54","slug":"co2-pisztoly-walther-cp88-fekete-cal-45mm-diabolo","status":"publish","type":"product","link":"https:\/\/zbranebudai.sk\/hu\/product\/pistol-co2-walther-cp88-cierna-kal-45mm-diabolo\/","title":{"rendered":"CO2 pisztoly Walther CP88 fekete, cal. 4,5mm diabolo"},"content":{"rendered":"<p>PARAM\u00c9TEREK:<\/p>\n<p>Energia: legfeljebb 4 J<br \/>\nMenetsebess\u00e9g: ak\u00e1r 130 m\/s<br \/>\nCs\u0151hossz: 102 mm<br \/>\nTeljes hossz: 180 mm<br \/>\nT\u00e1lcakapacit\u00e1s: 8<br \/>\nCO\u2082 bomba kapacit\u00e1sa: 60 l\u00f6v\u00e9s<br \/>\nS\u00faly: 1,03 kg\u00a0<\/p>","protected":false},"excerpt":{"rendered":"<p>A Walther CP88 a Walther P88 kiv\u00e1l\u00f3 min\u0151s\u00e9g\u0171 eredeti m\u00e1solata, \u00e9s a t\u00f6rt\u00e9nelem egy igazi darabja. Ez volt az els\u0151 CO2-s l\u00e9gpisztoly az Umarex term\u00e9kcsal\u00e1dban - m\u00e9rf\u00f6ldk\u0151 a c\u00e9g sz\u00e1m\u00e1ra. A pontoss\u00e1g, a teljes\u00edtm\u00e9ny \u00e9s a megb\u00edzhat\u00f3s\u00e1g tekintet\u00e9ben a l\u00e9gpusk\u00e1k jelenlegi gener\u00e1ci\u00f3j\u00e1nak m\u00e9rc\u00e9j\u00e9t \u00e1ll\u00edtotta fel, \u00e9s tov\u00e1bbra is sok sport- \u00e9s szabadid\u0151s l\u00f6v\u00e9szt inspir\u00e1l. Az els\u00fct\u00e9si mechanizmus egy 8 l\u00f6v\u00e9ses, nagy teljes\u00edtm\u00e9nyre optimaliz\u00e1lt forg\u00f3t\u00e1rra t\u00e1maszkodik. Sok m\u00e1s pisztolyban tal\u00e1lhat\u00f3 mechanizmussal ellent\u00e9tben ez a pisztoly a cs\u0151 el\u0151tt egy k\u00e9tr\u00e9szes z\u00e1rszerkezetben \u00fcl, amely biztos\u00edtja a goly\u00f3k pontos adagol\u00e1s\u00e1t a huzagolt cs\u0151be.<\/p>","protected":false},"featured_media":6148,"template":"","meta":{"_gspb_post_css":""},"product_brand":[],"product_cat":[1829,2226,1824,1828],"product_tag":[],"class_list":{"0":"post-13541","1":"product","2":"type-product","3":"status-publish","4":"has-post-thumbnail","6":"product_cat-pistole-na-co2","7":"product_cat-walther-pistole-na-co2","8":"product_cat-zbrane-18-d","9":"product_cat-zbrane-na-co2","11":"first","12":"instock","13":"taxable","14":"shipping-taxable","15":"purchasable","16":"product-type-simple"},"ct_brands":[],"_links":{"self":[{"href":"https:\/\/zbranebudai.sk\/hu\/wp-json\/wp\/v2\/product\/13541","targetHints":{"allow":["GET"]}}],"collection":[{"href":"https:\/\/zbranebudai.sk\/hu\/wp-json\/wp\/v2\/product"}],"about":[{"href":"https:\/\/zbranebudai.sk\/hu\/wp-json\/wp\/v2\/types\/product"}],"wp:featuredmedia":[{"embeddable":true,"href":"https:\/\/zbranebudai.sk\/hu\/wp-json\/wp\/v2\/media\/6148"}],"wp:attachment":[{"href":"https:\/\/zbranebudai.sk\/hu\/wp-json\/wp\/v2\/media?parent=13541"}],"wp:term":[{"taxonomy":"product_brand","embeddable":true,"href":"https:\/\/zbranebudai.sk\/hu\/wp-json\/wp\/v2\/product_brand?post=13541"},{"taxonomy":"product_cat","embeddable":true,"href":"https:\/\/zbranebudai.sk\/hu\/wp-json\/wp\/v2\/product_cat?post=13541"},{"taxonomy":"product_tag","embeddable":true,"href":"https:\/\/zbranebudai.sk\/hu\/wp-json\/wp\/v2\/product_tag?post=13541"}],"curies":[{"name":"wp","href":"https:\/\/api.w.org\/{rel}","templated":true}]}}