{"id":13540,"date":"2025-02-17T17:54:47","date_gmt":"2025-02-17T15:54:47","guid":{"rendered":"https:\/\/zbranebudai.sk\/product\/revolver-exp-rohm-rg-89-cierny-kal-9mm-r-k\/"},"modified":"2026-04-16T03:34:56","modified_gmt":"2026-04-16T01:34:56","slug":"revolver-exp-rohm-rg-89-fekete-kaloria-9mm-r-k","status":"publish","type":"product","link":"https:\/\/zbranebudai.sk\/hu\/product\/revolver-exp-rohm-rg-89-cierny-kal-9mm-r-k\/","title":{"rendered":"Revolver exp. R\u00f6hm RG 89 fekete, cal. 9mm R.K."},"content":{"rendered":"<p>PARAM\u00c9TEREK:<\/p>\n<p>Teljes hossz: 185 mm<br \/>\nKapacit\u00e1s: 6<br \/>\nRavaszmechanizmus: Double Action \/ Single Action<br \/>\nS\u00faly: 658 g<\/p>","protected":false},"excerpt":{"rendered":"<p>Kiv\u00e1l\u00f3 min\u0151s\u00e9g\u0171 n\u00e9met R\u00f6hm RG 89 revolver fekete sz\u00ednben. A teljesen f\u00e9mb\u0151l k\u00e9sz\u00fclt, matt fekete kivitel, amelyet a f\u00e1b\u00f3l k\u00e9sz\u00fclt fen\u00e9klemez eg\u00e9sz\u00edt ki, nagyon vonz\u00f3v\u00e1 teszi a Rohm RG89-et. Kis m\u00e9ret\u00e9nek \u00e9s k\u00f6nny\u0171 s\u00faly\u00e1nak k\u00f6sz\u00f6nhet\u0151en zsebben val\u00f3 hordoz\u00e1sra is ide\u00e1lis. A Rohm RG89 tartoz\u00e9ka tov\u00e1bb\u00e1 egy kefe a hengerh\u00fcvelyek tiszt\u00edt\u00e1s\u00e1hoz \u00e9s egy 15 mm \u00e1tm\u00e9r\u0151j\u0171 flare r\u00f6gz\u00edt\u0151. Ide\u00e1lis v\u00e9delmi c\u00e9l\u00fa g\u00e1zpatronok akt\u00edv haszn\u00e1lat\u00e1hoz, hangjelz\u00e9s l\u00e9trehoz\u00e1s\u00e1hoz, f\u00e1kly\u00e1k kil\u00f6v\u00e9s\u00e9hez vagy gy\u0171jt\u00e9si c\u00e9lokra. \u00d6nv\u00e9delemre haszn\u00e1lva a g\u00e1z CS vagy az er\u0151sebb PV-S borsl\u00f6ved\u00e9kek val\u00f3di hat\u00e9konys\u00e1g\u00e1t ak\u00e1r 4 m-es t\u00e1vols\u00e1gb\u00f3l is biztos\u00edthatja.<\/p>","protected":false},"featured_media":6146,"template":"","meta":{"_gspb_post_css":""},"product_brand":[],"product_cat":[1825,1892,1923,1826,1824],"product_tag":[],"class_list":{"0":"post-13540","1":"product","2":"type-product","3":"status-publish","4":"has-post-thumbnail","6":"product_cat-expanzne-zbrane","7":"product_cat-revolvery-umarex","8":"product_cat-rohm-revolvery-umarex","9":"product_cat-umarex","10":"product_cat-zbrane-18-d","12":"first","13":"instock","14":"taxable","15":"shipping-taxable","16":"purchasable","17":"product-type-simple"},"ct_brands":[],"_links":{"self":[{"href":"https:\/\/zbranebudai.sk\/hu\/wp-json\/wp\/v2\/product\/13540","targetHints":{"allow":["GET"]}}],"collection":[{"href":"https:\/\/zbranebudai.sk\/hu\/wp-json\/wp\/v2\/product"}],"about":[{"href":"https:\/\/zbranebudai.sk\/hu\/wp-json\/wp\/v2\/types\/product"}],"wp:featuredmedia":[{"embeddable":true,"href":"https:\/\/zbranebudai.sk\/hu\/wp-json\/wp\/v2\/media\/6146"}],"wp:attachment":[{"href":"https:\/\/zbranebudai.sk\/hu\/wp-json\/wp\/v2\/media?parent=13540"}],"wp:term":[{"taxonomy":"product_brand","embeddable":true,"href":"https:\/\/zbranebudai.sk\/hu\/wp-json\/wp\/v2\/product_brand?post=13540"},{"taxonomy":"product_cat","embeddable":true,"href":"https:\/\/zbranebudai.sk\/hu\/wp-json\/wp\/v2\/product_cat?post=13540"},{"taxonomy":"product_tag","embeddable":true,"href":"https:\/\/zbranebudai.sk\/hu\/wp-json\/wp\/v2\/product_tag?post=13540"}],"curies":[{"name":"wp","href":"https:\/\/api.w.org\/{rel}","templated":true}]}}