{"id":13539,"date":"2025-02-17T17:54:47","date_gmt":"2025-02-17T15:54:47","guid":{"rendered":"https:\/\/zbranebudai.sk\/product\/revolver-exp-rohm-rg-59-cierny-kal-9mm-r-k\/"},"modified":"2026-04-16T03:34:56","modified_gmt":"2026-04-16T01:34:56","slug":"revolver-exp-rohm-rg-59-fekete-kaloria-9mm-r-k","status":"publish","type":"product","link":"https:\/\/zbranebudai.sk\/hu\/product\/revolver-exp-rohm-rg-59-cierny-kal-9mm-r-k\/","title":{"rendered":"Revolver exp. R\u00f6hm RG 59 fekete, cal. 9mm R.K."},"content":{"rendered":"<p>PARAM\u00c9TEREK:<\/p>\n<p>Teljes hossz: 155 mm<br \/>\nT\u00e1lcakapacit\u00e1s: 5<br \/>\nRavaszmechanizmus: Double Action \/ Single Action<br \/>\nS\u00faly: 462 g<\/p>","protected":false},"excerpt":{"rendered":"<p>Min\u0151s\u00e9gi n\u00e9met expanzi\u00f3s (ind\u00edt\u00f3 \u00e9s g\u00e1z) revolver R\u00f6hm RG 59 fekete, cal. 9mm R.K. n\u00e9pszer\u0171, mert kompakt m\u00e9rete \u00e9s k\u00f6nny\u0171 s\u00falya miatt ide\u00e1lis a zsebben val\u00f3 hordoz\u00e1sra.<\/p>","protected":false},"featured_media":6134,"template":"","meta":{"_gspb_post_css":""},"product_brand":[],"product_cat":[1825,1892,1923,1826,1824],"product_tag":[],"class_list":{"0":"post-13539","1":"product","2":"type-product","3":"status-publish","4":"has-post-thumbnail","6":"product_cat-expanzne-zbrane","7":"product_cat-revolvery-umarex","8":"product_cat-rohm-revolvery-umarex","9":"product_cat-umarex","10":"product_cat-zbrane-18-d","12":"first","13":"instock","14":"taxable","15":"shipping-taxable","16":"purchasable","17":"product-type-simple"},"ct_brands":[],"_links":{"self":[{"href":"https:\/\/zbranebudai.sk\/hu\/wp-json\/wp\/v2\/product\/13539","targetHints":{"allow":["GET"]}}],"collection":[{"href":"https:\/\/zbranebudai.sk\/hu\/wp-json\/wp\/v2\/product"}],"about":[{"href":"https:\/\/zbranebudai.sk\/hu\/wp-json\/wp\/v2\/types\/product"}],"wp:featuredmedia":[{"embeddable":true,"href":"https:\/\/zbranebudai.sk\/hu\/wp-json\/wp\/v2\/media\/6134"}],"wp:attachment":[{"href":"https:\/\/zbranebudai.sk\/hu\/wp-json\/wp\/v2\/media?parent=13539"}],"wp:term":[{"taxonomy":"product_brand","embeddable":true,"href":"https:\/\/zbranebudai.sk\/hu\/wp-json\/wp\/v2\/product_brand?post=13539"},{"taxonomy":"product_cat","embeddable":true,"href":"https:\/\/zbranebudai.sk\/hu\/wp-json\/wp\/v2\/product_cat?post=13539"},{"taxonomy":"product_tag","embeddable":true,"href":"https:\/\/zbranebudai.sk\/hu\/wp-json\/wp\/v2\/product_tag?post=13539"}],"curies":[{"name":"wp","href":"https:\/\/api.w.org\/{rel}","templated":true}]}}