{"id":13538,"date":"2025-02-17T17:54:47","date_gmt":"2025-02-17T15:54:47","guid":{"rendered":"https:\/\/zbranebudai.sk\/product\/pistol-exp-rohm-rg-96-cierna-kal-9mm-p-a-k\/"},"modified":"2026-05-14T14:21:32","modified_gmt":"2026-05-14T12:21:32","slug":"pisztoly-exp-rohm-rg-96-fekete-kaloria-9mm-p-a-k","status":"publish","type":"product","link":"https:\/\/zbranebudai.sk\/hu\/product\/pistol-exp-rohm-rg-96-cierna-kal-9mm-p-a-k\/","title":{"rendered":"Pisztoly exp. R\u00f6hm RG 96 fekete, cal. 9mm P.A.K."},"content":{"rendered":"","protected":false},"excerpt":{"rendered":"<p>R\u00f6hm RG 96 pisztoly, fekete, polimer v\u00e1z, cal. 9mm P.A.K., t\u00e1rkapacit\u00e1s 9 t\u00f6lt\u00e9ny, hossza 187 mm, s\u00faly 800 g.<\/p>","protected":false},"featured_media":6132,"template":"","meta":{"_gspb_post_css":""},"product_brand":[],"product_cat":[1825,1831,1922,1826,1824],"product_tag":[],"class_list":{"0":"post-13538","1":"product","2":"type-product","3":"status-publish","4":"has-post-thumbnail","6":"product_cat-expanzne-zbrane","7":"product_cat-pistole-umarex","8":"product_cat-rohm","9":"product_cat-umarex","10":"product_cat-zbrane-18-d","12":"first","13":"instock","14":"taxable","15":"shipping-taxable","16":"purchasable","17":"product-type-simple"},"ct_brands":[],"_links":{"self":[{"href":"https:\/\/zbranebudai.sk\/hu\/wp-json\/wp\/v2\/product\/13538","targetHints":{"allow":["GET"]}}],"collection":[{"href":"https:\/\/zbranebudai.sk\/hu\/wp-json\/wp\/v2\/product"}],"about":[{"href":"https:\/\/zbranebudai.sk\/hu\/wp-json\/wp\/v2\/types\/product"}],"wp:featuredmedia":[{"embeddable":true,"href":"https:\/\/zbranebudai.sk\/hu\/wp-json\/wp\/v2\/media\/6132"}],"wp:attachment":[{"href":"https:\/\/zbranebudai.sk\/hu\/wp-json\/wp\/v2\/media?parent=13538"}],"wp:term":[{"taxonomy":"product_brand","embeddable":true,"href":"https:\/\/zbranebudai.sk\/hu\/wp-json\/wp\/v2\/product_brand?post=13538"},{"taxonomy":"product_cat","embeddable":true,"href":"https:\/\/zbranebudai.sk\/hu\/wp-json\/wp\/v2\/product_cat?post=13538"},{"taxonomy":"product_tag","embeddable":true,"href":"https:\/\/zbranebudai.sk\/hu\/wp-json\/wp\/v2\/product_tag?post=13538"}],"curies":[{"name":"wp","href":"https:\/\/api.w.org\/{rel}","templated":true}]}}