{"id":13537,"date":"2025-02-17T17:54:47","date_gmt":"2025-02-17T15:54:47","guid":{"rendered":"https:\/\/zbranebudai.sk\/product\/pistol-exp-rohm-rg-88-cierna-kal-9mm-p-a-k\/"},"modified":"2026-04-16T03:34:56","modified_gmt":"2026-04-16T01:34:56","slug":"pisztoly-exp-rohm-rg-88-fekete-kaloria-9mm-p-a-k","status":"publish","type":"product","link":"https:\/\/zbranebudai.sk\/hu\/product\/pistol-exp-rohm-rg-88-cierna-kal-9mm-p-a-k\/","title":{"rendered":"Pisztoly exp. R\u00f6hm RG 88 fekete, cal. 9mm P.A.K."},"content":{"rendered":"","protected":false},"excerpt":{"rendered":"<p>R\u00f6hm RG 88, fekete, f\u00e9m v\u00e1z, fekete m\u0171anyag markolat, kal. 9mm P.A.K., t\u00e1rkapacit\u00e1s 7 t\u00f6lt\u00e9ny, hossza 160 mm, s\u00faly 580 g.<\/p>","protected":false},"featured_media":6130,"template":"","meta":{"_gspb_post_css":""},"product_brand":[],"product_cat":[1825,1831,1922,1826,1824],"product_tag":[],"class_list":{"0":"post-13537","1":"product","2":"type-product","3":"status-publish","4":"has-post-thumbnail","6":"product_cat-expanzne-zbrane","7":"product_cat-pistole-umarex","8":"product_cat-rohm","9":"product_cat-umarex","10":"product_cat-zbrane-18-d","12":"first","13":"instock","14":"taxable","15":"shipping-taxable","16":"purchasable","17":"product-type-simple"},"ct_brands":[],"_links":{"self":[{"href":"https:\/\/zbranebudai.sk\/hu\/wp-json\/wp\/v2\/product\/13537","targetHints":{"allow":["GET"]}}],"collection":[{"href":"https:\/\/zbranebudai.sk\/hu\/wp-json\/wp\/v2\/product"}],"about":[{"href":"https:\/\/zbranebudai.sk\/hu\/wp-json\/wp\/v2\/types\/product"}],"wp:featuredmedia":[{"embeddable":true,"href":"https:\/\/zbranebudai.sk\/hu\/wp-json\/wp\/v2\/media\/6130"}],"wp:attachment":[{"href":"https:\/\/zbranebudai.sk\/hu\/wp-json\/wp\/v2\/media?parent=13537"}],"wp:term":[{"taxonomy":"product_brand","embeddable":true,"href":"https:\/\/zbranebudai.sk\/hu\/wp-json\/wp\/v2\/product_brand?post=13537"},{"taxonomy":"product_cat","embeddable":true,"href":"https:\/\/zbranebudai.sk\/hu\/wp-json\/wp\/v2\/product_cat?post=13537"},{"taxonomy":"product_tag","embeddable":true,"href":"https:\/\/zbranebudai.sk\/hu\/wp-json\/wp\/v2\/product_tag?post=13537"}],"curies":[{"name":"wp","href":"https:\/\/api.w.org\/{rel}","templated":true}]}}