{"id":13536,"date":"2025-02-17T17:54:47","date_gmt":"2025-02-17T15:54:47","guid":{"rendered":"https:\/\/zbranebudai.sk\/product\/pistol-exp-rohm-rg-300-cierna-kal-6mm-flobert-k\/"},"modified":"2026-04-30T08:54:18","modified_gmt":"2026-04-30T06:54:18","slug":"pisztoly-exp-rohm-rg-300-fekete-kaliber-6mm-flobert-k","status":"publish","type":"product","link":"https:\/\/zbranebudai.sk\/hu\/product\/pistol-exp-rohm-rg-300-cierna-kal-6mm-flobert-k\/","title":{"rendered":"Pisztoly exp. R\u00f6hm RG 300 fekete, cal. 6mm Flobert K."},"content":{"rendered":"","protected":false},"excerpt":{"rendered":"<p>R\u00f6hm RG 300 expanzi\u00f3s (ind\u00edt\u00f3 \u00e9s g\u00e1z) pisztoly. A gyeng\u00e9bb kalibernek k\u00f6sz\u00f6nhet\u0151en kisebb hangnyom\u00e1st produk\u00e1l, \u00edgy kutyakik\u00e9pz\u00e9sre \u00e9s sportesem\u00e9nyekre is alkalmas.  Fekete sz\u00edn, f\u00e9m tol\u00f3z\u00e1r \u00e9s v\u00e1z, barna m\u0171anyag k\u00e9zv\u00e9d\u0151, cal. 6mm Flobert, kapacit\u00e1s 10 t\u00f6lt\u00e9ny, hossza 144 mm, s\u00falya 465 g.<\/p>","protected":false},"featured_media":6128,"template":"","meta":{"_gspb_post_css":""},"product_brand":[],"product_cat":[1825,1831,1922,1826,1824],"product_tag":[],"class_list":{"0":"post-13536","1":"product","2":"type-product","3":"status-publish","4":"has-post-thumbnail","6":"product_cat-expanzne-zbrane","7":"product_cat-pistole-umarex","8":"product_cat-rohm","9":"product_cat-umarex","10":"product_cat-zbrane-18-d","12":"first","13":"outofstock","14":"taxable","15":"shipping-taxable","16":"purchasable","17":"product-type-simple"},"ct_brands":[],"_links":{"self":[{"href":"https:\/\/zbranebudai.sk\/hu\/wp-json\/wp\/v2\/product\/13536","targetHints":{"allow":["GET"]}}],"collection":[{"href":"https:\/\/zbranebudai.sk\/hu\/wp-json\/wp\/v2\/product"}],"about":[{"href":"https:\/\/zbranebudai.sk\/hu\/wp-json\/wp\/v2\/types\/product"}],"wp:featuredmedia":[{"embeddable":true,"href":"https:\/\/zbranebudai.sk\/hu\/wp-json\/wp\/v2\/media\/6128"}],"wp:attachment":[{"href":"https:\/\/zbranebudai.sk\/hu\/wp-json\/wp\/v2\/media?parent=13536"}],"wp:term":[{"taxonomy":"product_brand","embeddable":true,"href":"https:\/\/zbranebudai.sk\/hu\/wp-json\/wp\/v2\/product_brand?post=13536"},{"taxonomy":"product_cat","embeddable":true,"href":"https:\/\/zbranebudai.sk\/hu\/wp-json\/wp\/v2\/product_cat?post=13536"},{"taxonomy":"product_tag","embeddable":true,"href":"https:\/\/zbranebudai.sk\/hu\/wp-json\/wp\/v2\/product_tag?post=13536"}],"curies":[{"name":"wp","href":"https:\/\/api.w.org\/{rel}","templated":true}]}}