{"id":13528,"date":"2025-02-17T17:54:44","date_gmt":"2025-02-17T15:54:44","guid":{"rendered":"https:\/\/zbranebudai.sk\/product\/ruger-n-m-blackhawk-stainless-0309-kal-357mag\/"},"modified":"2026-04-09T02:02:54","modified_gmt":"2026-04-09T00:02:54","slug":"ruger-n-m-blackhawk-rozsdamentes-0309-cal-357mag","status":"publish","type":"product","link":"https:\/\/zbranebudai.sk\/hu\/product\/ruger-n-m-blackhawk-stainless-0309-kal-357mag\/","title":{"rendered":"Ruger N.M. Blackhawk Stainless 0309, cal. .357Mag."},"content":{"rendered":"<p>PARAM\u00c9TEREK:<\/p>\n<p>Kapacit\u00e1s: 6 t\u00f6lt\u00e9ny<br \/>\nCs\u0151hossz: 117mm (4.62\u2033)<br \/>\nTeljes hossz: 267 mm<br \/>\nCs\u0151oszt\u00e1s: 1:16\u2033 RH<br \/>\nAnyag: rozsdamentes ac\u00e9l<br \/>\nS\u00faly: 1,30 kg<\/p>","protected":false},"excerpt":{"rendered":"<p>Ruger N.M. egycs\u00f6v\u0171 revolverek sorozata A Blackhawk nyugati st\u00edlus\u00fa kialak\u00edt\u00e1ssal rendelkezik, amely hagyom\u00e1nyos markolatot haszn\u00e1l, amely az eg\u00e9sz kezet kit\u00f6lti a maxim\u00e1lis k\u00e9nyelem \u00e9rdek\u00e9ben. Nagym\u00e9ret\u0171 c\u00e9lz\u00f3k\u00e9sz\u00fcl\u00e9k \u00e9s \u00e1ll\u00edthat\u00f3 c\u00e9lt\u00e1vcs\u0151. A hidegen kov\u00e1csolt cs\u0151 kiv\u00e9teles pontoss\u00e1got \u00e9s hossz\u00fa \u00e9lettartamot biztos\u00edt. A k\u00fcl\u00f6nb\u00f6z\u0151 kaliberek, cs\u0151hossz\u00fas\u00e1gok, markolatok, kivitelek \u00e9s s\u00falyok biztos\u00edtj\u00e1k, hogy a modell megfeleljen a legt\u00f6bb mai single action l\u00f6v\u00e9sz ig\u00e9nyeinek.<\/p>","protected":false},"featured_media":6078,"template":"","meta":{"_gspb_post_css":""},"product_brand":[],"product_cat":[1920,1858,1859,1820],"product_tag":[],"class_list":{"0":"post-13528","1":"product","2":"type-product","3":"status-publish","4":"has-post-thumbnail","6":"product_cat-new-model-blackhawk","7":"product_cat-revolvery-zbrane-b-c","8":"product_cat-ruger-revolvery-zbrane-b-c","9":"product_cat-zbrane-b-c","11":"first","12":"outofstock","13":"taxable","14":"shipping-taxable","15":"purchasable","16":"product-type-simple"},"ct_brands":[],"_links":{"self":[{"href":"https:\/\/zbranebudai.sk\/hu\/wp-json\/wp\/v2\/product\/13528","targetHints":{"allow":["GET"]}}],"collection":[{"href":"https:\/\/zbranebudai.sk\/hu\/wp-json\/wp\/v2\/product"}],"about":[{"href":"https:\/\/zbranebudai.sk\/hu\/wp-json\/wp\/v2\/types\/product"}],"wp:featuredmedia":[{"embeddable":true,"href":"https:\/\/zbranebudai.sk\/hu\/wp-json\/wp\/v2\/media\/6078"}],"wp:attachment":[{"href":"https:\/\/zbranebudai.sk\/hu\/wp-json\/wp\/v2\/media?parent=13528"}],"wp:term":[{"taxonomy":"product_brand","embeddable":true,"href":"https:\/\/zbranebudai.sk\/hu\/wp-json\/wp\/v2\/product_brand?post=13528"},{"taxonomy":"product_cat","embeddable":true,"href":"https:\/\/zbranebudai.sk\/hu\/wp-json\/wp\/v2\/product_cat?post=13528"},{"taxonomy":"product_tag","embeddable":true,"href":"https:\/\/zbranebudai.sk\/hu\/wp-json\/wp\/v2\/product_tag?post=13528"}],"curies":[{"name":"wp","href":"https:\/\/api.w.org\/{rel}","templated":true}]}}