{"id":13527,"date":"2025-02-17T17:54:44","date_gmt":"2025-02-17T15:54:44","guid":{"rendered":"https:\/\/zbranebudai.sk\/product\/zasobnik-m-10mkiii-90231-pre-ruger-mkiii-mk-iv\/"},"modified":"2026-04-16T05:00:10","modified_gmt":"2026-04-16T03:00:10","slug":"m-10mkiii-90231-pre-ruger-mkiii-mk-iv","status":"publish","type":"product","link":"https:\/\/zbranebudai.sk\/hu\/product\/zasobnik-m-10mkiii-90231-pre-ruger-mkiii-mk-iv\/","title":{"rendered":"M-10MKIII t\u00e1r (90231) Ruger MKIII\/MK IV t\u00e1rhoz"},"content":{"rendered":"","protected":false},"excerpt":{"rendered":"<p>Ruger MKIII \u00e9s MKIV modellekhez val\u00f3 t\u00e1r, cal. .22 LR. A t\u00e1r kapacit\u00e1sa 10 t\u00f6lt\u00e9ny.<\/p>","protected":false},"featured_media":6076,"template":"","meta":{"_gspb_post_css":""},"product_brand":[],"product_cat":[1864,1898,1877,1820],"product_tag":[],"class_list":{"0":"post-13527","1":"product","2":"type-product","3":"status-publish","4":"has-post-thumbnail","6":"product_cat-pistole-zbrane-b-c","7":"product_cat-prislusenstvo-ruger-ruger-pistole-zbrane-b-c","8":"product_cat-ruger-pistole-zbrane-b-c","9":"product_cat-zbrane-b-c","11":"first","12":"instock","13":"taxable","14":"shipping-taxable","15":"purchasable","16":"product-type-simple"},"ct_brands":[],"_links":{"self":[{"href":"https:\/\/zbranebudai.sk\/hu\/wp-json\/wp\/v2\/product\/13527","targetHints":{"allow":["GET"]}}],"collection":[{"href":"https:\/\/zbranebudai.sk\/hu\/wp-json\/wp\/v2\/product"}],"about":[{"href":"https:\/\/zbranebudai.sk\/hu\/wp-json\/wp\/v2\/types\/product"}],"wp:featuredmedia":[{"embeddable":true,"href":"https:\/\/zbranebudai.sk\/hu\/wp-json\/wp\/v2\/media\/6076"}],"wp:attachment":[{"href":"https:\/\/zbranebudai.sk\/hu\/wp-json\/wp\/v2\/media?parent=13527"}],"wp:term":[{"taxonomy":"product_brand","embeddable":true,"href":"https:\/\/zbranebudai.sk\/hu\/wp-json\/wp\/v2\/product_brand?post=13527"},{"taxonomy":"product_cat","embeddable":true,"href":"https:\/\/zbranebudai.sk\/hu\/wp-json\/wp\/v2\/product_cat?post=13527"},{"taxonomy":"product_tag","embeddable":true,"href":"https:\/\/zbranebudai.sk\/hu\/wp-json\/wp\/v2\/product_tag?post=13527"}],"curies":[{"name":"wp","href":"https:\/\/api.w.org\/{rel}","templated":true}]}}