{"id":13523,"date":"2025-02-17T17:54:44","date_gmt":"2025-02-17T15:54:44","guid":{"rendered":"https:\/\/zbranebudai.sk\/product\/pruzina-vratna-g23-g32-gen4-7815\/"},"modified":"2026-04-09T02:18:56","modified_gmt":"2026-04-09T00:18:56","slug":"nyakrugo-g23-g32-gen4-7815","status":"publish","type":"product","link":"https:\/\/zbranebudai.sk\/hu\/product\/pruzina-vratna-g23-g32-gen4-7815\/","title":{"rendered":"Rug\u00f3visszah\u00faz\u00f3 G23\/G32 Gen4 (7815)"},"content":{"rendered":"","protected":false},"excerpt":{"rendered":"<p>Visszarug\u00f3 szerelv\u00e9ny Gen4 modellekhez: 23, 32.<\/p>","protected":false},"featured_media":6068,"template":"","meta":{"_gspb_post_css":""},"product_brand":[],"product_cat":[1908,1909,1864,1820],"product_tag":[],"class_list":{"0":"post-13523","1":"product","2":"type-product","3":"status-publish","4":"has-post-thumbnail","6":"product_cat-glock-prislusenstvo","7":"product_cat-nahradne-diely-glock","8":"product_cat-pistole-zbrane-b-c","9":"product_cat-zbrane-b-c","11":"first","12":"instock","13":"taxable","14":"shipping-taxable","15":"purchasable","16":"product-type-simple"},"ct_brands":[],"_links":{"self":[{"href":"https:\/\/zbranebudai.sk\/hu\/wp-json\/wp\/v2\/product\/13523","targetHints":{"allow":["GET"]}}],"collection":[{"href":"https:\/\/zbranebudai.sk\/hu\/wp-json\/wp\/v2\/product"}],"about":[{"href":"https:\/\/zbranebudai.sk\/hu\/wp-json\/wp\/v2\/types\/product"}],"wp:featuredmedia":[{"embeddable":true,"href":"https:\/\/zbranebudai.sk\/hu\/wp-json\/wp\/v2\/media\/6068"}],"wp:attachment":[{"href":"https:\/\/zbranebudai.sk\/hu\/wp-json\/wp\/v2\/media?parent=13523"}],"wp:term":[{"taxonomy":"product_brand","embeddable":true,"href":"https:\/\/zbranebudai.sk\/hu\/wp-json\/wp\/v2\/product_brand?post=13523"},{"taxonomy":"product_cat","embeddable":true,"href":"https:\/\/zbranebudai.sk\/hu\/wp-json\/wp\/v2\/product_cat?post=13523"},{"taxonomy":"product_tag","embeddable":true,"href":"https:\/\/zbranebudai.sk\/hu\/wp-json\/wp\/v2\/product_tag?post=13523"}],"curies":[{"name":"wp","href":"https:\/\/api.w.org\/{rel}","templated":true}]}}