{"id":13521,"date":"2025-02-17T17:54:44","date_gmt":"2025-02-17T15:54:44","guid":{"rendered":"https:\/\/zbranebudai.sk\/product\/kolik-vodiaceho-bloku-mbs-7416\/"},"modified":"2026-04-16T05:00:12","modified_gmt":"2026-04-16T03:00:12","slug":"mennyi-az-utmutato-blokk-mbs-7416","status":"publish","type":"product","link":"https:\/\/zbranebudai.sk\/hu\/product\/kolik-vodiaceho-bloku-mbs-7416\/","title":{"rendered":"MBS vezet\u0151szeg (7416)"},"content":{"rendered":"","protected":false},"excerpt":{"rendered":"<p>Hosszabb vezet\u0151szeg a GLOCK Gen4 pisztolymarkolat k\u00f6zepes \u00e9s nagym\u00e9ret\u0171 h\u00e1ts\u00f3 r\u00e9sz\u00e9hez.<\/p>","protected":false},"featured_media":6064,"template":"","meta":{"_gspb_post_css":""},"product_brand":[],"product_cat":[1908,1909,1864,1820],"product_tag":[],"class_list":{"0":"post-13521","1":"product","2":"type-product","3":"status-publish","4":"has-post-thumbnail","6":"product_cat-glock-prislusenstvo","7":"product_cat-nahradne-diely-glock","8":"product_cat-pistole-zbrane-b-c","9":"product_cat-zbrane-b-c","11":"first","12":"instock","13":"taxable","14":"shipping-taxable","15":"purchasable","16":"product-type-simple"},"ct_brands":[],"_links":{"self":[{"href":"https:\/\/zbranebudai.sk\/hu\/wp-json\/wp\/v2\/product\/13521","targetHints":{"allow":["GET"]}}],"collection":[{"href":"https:\/\/zbranebudai.sk\/hu\/wp-json\/wp\/v2\/product"}],"about":[{"href":"https:\/\/zbranebudai.sk\/hu\/wp-json\/wp\/v2\/types\/product"}],"wp:featuredmedia":[{"embeddable":true,"href":"https:\/\/zbranebudai.sk\/hu\/wp-json\/wp\/v2\/media\/6064"}],"wp:attachment":[{"href":"https:\/\/zbranebudai.sk\/hu\/wp-json\/wp\/v2\/media?parent=13521"}],"wp:term":[{"taxonomy":"product_brand","embeddable":true,"href":"https:\/\/zbranebudai.sk\/hu\/wp-json\/wp\/v2\/product_brand?post=13521"},{"taxonomy":"product_cat","embeddable":true,"href":"https:\/\/zbranebudai.sk\/hu\/wp-json\/wp\/v2\/product_cat?post=13521"},{"taxonomy":"product_tag","embeddable":true,"href":"https:\/\/zbranebudai.sk\/hu\/wp-json\/wp\/v2\/product_tag?post=13521"}],"curies":[{"name":"wp","href":"https:\/\/api.w.org\/{rel}","templated":true}]}}