{"id":13520,"date":"2025-02-17T17:54:44","date_gmt":"2025-02-17T15:54:44","guid":{"rendered":"https:\/\/zbranebudai.sk\/product\/kolik-vodiaceho-bloku-gen4-sf\/"},"modified":"2026-04-16T05:00:12","modified_gmt":"2026-04-16T03:00:12","slug":"mennyi-a-gen4-sf-utmutato-blokk","status":"publish","type":"product","link":"https:\/\/zbranebudai.sk\/hu\/product\/kolik-vodiaceho-bloku-gen4-sf\/","title":{"rendered":"Gen4\/SF vezet\u0151szeg"},"content":{"rendered":"","protected":false},"excerpt":{"rendered":"<p>Az N.Y. 1 (olajbogy\u00f3) kiold\u00f3rug\u00f3 kb. 1,5 kg-mal n\u00f6veli a kiold\u00f3 ellen\u00e1ll\u00e1s\u00e1t a csatlakoz\u00f3hoz tartoz\u00f3 \u00e9rt\u00e9k felett. Csak a 2. (2,0 kg) vagy az 1. (2,5 kg) csatlakoz\u00f3val kombin\u00e1lhat\u00f3.<\/p>","protected":false},"featured_media":0,"template":"","meta":{"_gspb_post_css":""},"product_brand":[],"product_cat":[1908,1909,1864,1820],"product_tag":[],"class_list":{"0":"post-13520","1":"product","2":"type-product","3":"status-publish","5":"product_cat-glock-prislusenstvo","6":"product_cat-nahradne-diely-glock","7":"product_cat-pistole-zbrane-b-c","8":"product_cat-zbrane-b-c","10":"first","11":"instock","12":"taxable","13":"shipping-taxable","14":"purchasable","15":"product-type-simple"},"ct_brands":[],"_links":{"self":[{"href":"https:\/\/zbranebudai.sk\/hu\/wp-json\/wp\/v2\/product\/13520","targetHints":{"allow":["GET"]}}],"collection":[{"href":"https:\/\/zbranebudai.sk\/hu\/wp-json\/wp\/v2\/product"}],"about":[{"href":"https:\/\/zbranebudai.sk\/hu\/wp-json\/wp\/v2\/types\/product"}],"wp:attachment":[{"href":"https:\/\/zbranebudai.sk\/hu\/wp-json\/wp\/v2\/media?parent=13520"}],"wp:term":[{"taxonomy":"product_brand","embeddable":true,"href":"https:\/\/zbranebudai.sk\/hu\/wp-json\/wp\/v2\/product_brand?post=13520"},{"taxonomy":"product_cat","embeddable":true,"href":"https:\/\/zbranebudai.sk\/hu\/wp-json\/wp\/v2\/product_cat?post=13520"},{"taxonomy":"product_tag","embeddable":true,"href":"https:\/\/zbranebudai.sk\/hu\/wp-json\/wp\/v2\/product_tag?post=13520"}],"curies":[{"name":"wp","href":"https:\/\/api.w.org\/{rel}","templated":true}]}}