{"id":13518,"date":"2025-02-17T17:54:43","date_gmt":"2025-02-17T15:54:43","guid":{"rendered":"https:\/\/zbranebudai.sk\/product\/pruzina-zapadky-zaveru-g26-27-5837\/"},"modified":"2026-04-16T05:00:12","modified_gmt":"2026-04-16T03:00:12","slug":"reteszzar-rugo-g26-27-5837","status":"publish","type":"product","link":"https:\/\/zbranebudai.sk\/hu\/product\/pruzina-zapadky-zaveru-g26-27-5837\/","title":{"rendered":"Rug\u00f3 a reteszel\u0151csavarhoz G26\/27 (5837)"},"content":{"rendered":"","protected":false},"excerpt":{"rendered":"<p>A 3. \u00e9s 4. gener\u00e1ci\u00f3s modellekhez - Gen3: 26, 27, 29, 30 SF, 30 S, 36, 39, 28, 33 \u00e9s Gen4: 26, 27, 29, 30, 33.<\/p>","protected":false},"featured_media":6059,"template":"","meta":{"_gspb_post_css":""},"product_brand":[],"product_cat":[1908,1909,1864,1820],"product_tag":[],"class_list":{"0":"post-13518","1":"product","2":"type-product","3":"status-publish","4":"has-post-thumbnail","6":"product_cat-glock-prislusenstvo","7":"product_cat-nahradne-diely-glock","8":"product_cat-pistole-zbrane-b-c","9":"product_cat-zbrane-b-c","11":"first","12":"instock","13":"taxable","14":"shipping-taxable","15":"purchasable","16":"product-type-simple"},"ct_brands":[],"_links":{"self":[{"href":"https:\/\/zbranebudai.sk\/hu\/wp-json\/wp\/v2\/product\/13518","targetHints":{"allow":["GET"]}}],"collection":[{"href":"https:\/\/zbranebudai.sk\/hu\/wp-json\/wp\/v2\/product"}],"about":[{"href":"https:\/\/zbranebudai.sk\/hu\/wp-json\/wp\/v2\/types\/product"}],"wp:featuredmedia":[{"embeddable":true,"href":"https:\/\/zbranebudai.sk\/hu\/wp-json\/wp\/v2\/media\/6059"}],"wp:attachment":[{"href":"https:\/\/zbranebudai.sk\/hu\/wp-json\/wp\/v2\/media?parent=13518"}],"wp:term":[{"taxonomy":"product_brand","embeddable":true,"href":"https:\/\/zbranebudai.sk\/hu\/wp-json\/wp\/v2\/product_brand?post=13518"},{"taxonomy":"product_cat","embeddable":true,"href":"https:\/\/zbranebudai.sk\/hu\/wp-json\/wp\/v2\/product_cat?post=13518"},{"taxonomy":"product_tag","embeddable":true,"href":"https:\/\/zbranebudai.sk\/hu\/wp-json\/wp\/v2\/product_tag?post=13518"}],"curies":[{"name":"wp","href":"https:\/\/api.w.org\/{rel}","templated":true}]}}