{"id":13516,"date":"2025-02-17T17:54:43","date_gmt":"2025-02-17T15:54:43","guid":{"rendered":"https:\/\/zbranebudai.sk\/product\/vypustac-zasobnika-pre-mod-mb-45-auto-5323\/"},"modified":"2026-04-16T05:00:12","modified_gmt":"2026-04-16T03:00:12","slug":"hengerleeresztes-mod-mb-45-auto-5323-hoz","status":"publish","type":"product","link":"https:\/\/zbranebudai.sk\/hu\/product\/vypustac-zasobnika-pre-mod-mb-45-auto-5323\/","title":{"rendered":"T\u00e1lc\u00e1s lefoly\u00f3 a mod. MB (.45 Auto) (5323)"},"content":{"rendered":"","protected":false},"excerpt":{"rendered":"<p>5323-as t\u00e1rkiold\u00f3 (m\u0171anyag gomb) minden MB modellhez 10mm Auto \u00e9s .45 Auto kaliberben. Gen4 modellekhez nem alkalmas.<\/p>","protected":false},"featured_media":0,"template":"","meta":{"_gspb_post_css":""},"product_brand":[],"product_cat":[1908,1909,1864,1820],"product_tag":[],"class_list":{"0":"post-13516","1":"product","2":"type-product","3":"status-publish","5":"product_cat-glock-prislusenstvo","6":"product_cat-nahradne-diely-glock","7":"product_cat-pistole-zbrane-b-c","8":"product_cat-zbrane-b-c","10":"first","11":"instock","12":"taxable","13":"shipping-taxable","14":"purchasable","15":"product-type-simple"},"ct_brands":[],"_links":{"self":[{"href":"https:\/\/zbranebudai.sk\/hu\/wp-json\/wp\/v2\/product\/13516","targetHints":{"allow":["GET"]}}],"collection":[{"href":"https:\/\/zbranebudai.sk\/hu\/wp-json\/wp\/v2\/product"}],"about":[{"href":"https:\/\/zbranebudai.sk\/hu\/wp-json\/wp\/v2\/types\/product"}],"wp:attachment":[{"href":"https:\/\/zbranebudai.sk\/hu\/wp-json\/wp\/v2\/media?parent=13516"}],"wp:term":[{"taxonomy":"product_brand","embeddable":true,"href":"https:\/\/zbranebudai.sk\/hu\/wp-json\/wp\/v2\/product_brand?post=13516"},{"taxonomy":"product_cat","embeddable":true,"href":"https:\/\/zbranebudai.sk\/hu\/wp-json\/wp\/v2\/product_cat?post=13516"},{"taxonomy":"product_tag","embeddable":true,"href":"https:\/\/zbranebudai.sk\/hu\/wp-json\/wp\/v2\/product_tag?post=13516"}],"curies":[{"name":"wp","href":"https:\/\/api.w.org\/{rel}","templated":true}]}}