{"id":13515,"date":"2025-02-17T17:54:43","date_gmt":"2025-02-17T15:54:43","guid":{"rendered":"https:\/\/zbranebudai.sk\/product\/cielnik-polymerovy-73-210\/"},"modified":"2026-04-09T02:56:11","modified_gmt":"2026-04-09T00:56:11","slug":"polimer-kalcinalo-73-210","status":"publish","type":"product","link":"https:\/\/zbranebudai.sk\/hu\/product\/cielnik-polymerovy-73-210\/","title":{"rendered":"Polimer c\u00e9lpont 7,3 (210)"},"content":{"rendered":"","protected":false},"excerpt":{"rendered":"<p>Nem szabv\u00e1nyos 7,3 mm-es magass\u00e1g\u00fa c\u00e9lt\u00e1bla GLOCK pisztolyokhoz.<\/p>","protected":false},"featured_media":6054,"template":"","meta":{"_gspb_post_css":""},"product_brand":[],"product_cat":[1908,1913,1864,1820],"product_tag":[],"class_list":{"0":"post-13515","1":"product","2":"type-product","3":"status-publish","4":"has-post-thumbnail","6":"product_cat-glock-prislusenstvo","7":"product_cat-mieridla-glock","8":"product_cat-pistole-zbrane-b-c","9":"product_cat-zbrane-b-c","11":"first","12":"outofstock","13":"taxable","14":"shipping-taxable","15":"purchasable","16":"product-type-simple"},"ct_brands":[],"_links":{"self":[{"href":"https:\/\/zbranebudai.sk\/hu\/wp-json\/wp\/v2\/product\/13515","targetHints":{"allow":["GET"]}}],"collection":[{"href":"https:\/\/zbranebudai.sk\/hu\/wp-json\/wp\/v2\/product"}],"about":[{"href":"https:\/\/zbranebudai.sk\/hu\/wp-json\/wp\/v2\/types\/product"}],"wp:featuredmedia":[{"embeddable":true,"href":"https:\/\/zbranebudai.sk\/hu\/wp-json\/wp\/v2\/media\/6054"}],"wp:attachment":[{"href":"https:\/\/zbranebudai.sk\/hu\/wp-json\/wp\/v2\/media?parent=13515"}],"wp:term":[{"taxonomy":"product_brand","embeddable":true,"href":"https:\/\/zbranebudai.sk\/hu\/wp-json\/wp\/v2\/product_brand?post=13515"},{"taxonomy":"product_cat","embeddable":true,"href":"https:\/\/zbranebudai.sk\/hu\/wp-json\/wp\/v2\/product_cat?post=13515"},{"taxonomy":"product_tag","embeddable":true,"href":"https:\/\/zbranebudai.sk\/hu\/wp-json\/wp\/v2\/product_tag?post=13515"}],"curies":[{"name":"wp","href":"https:\/\/api.w.org\/{rel}","templated":true}]}}