{"id":13510,"date":"2025-02-17T17:54:43","date_gmt":"2025-02-17T15:54:43","guid":{"rendered":"https:\/\/zbranebudai.sk\/product\/pistol-exp-browning-gpda-9-cierna-kal-9mm-p-a-k\/"},"modified":"2026-04-16T05:23:11","modified_gmt":"2026-04-16T03:23:11","slug":"pisztoly-exp-browning-gpda-9-fekete-kaliber-9mm-p-a-k","status":"publish","type":"product","link":"https:\/\/zbranebudai.sk\/hu\/product\/pistol-exp-browning-gpda-9-cierna-kal-9mm-p-a-k\/","title":{"rendered":"Pisztoly exp. Browning GPDA 9 fekete, cal. 9mm P.A.K."},"content":{"rendered":"<p>PARAM\u00c9TEREK:<\/p>\n<p>Teljes hossz: 194 mm<br \/>\nT\u00e1lcakapacit\u00e1s: 9<br \/>\nS\u00faly: 885 g<\/p>","protected":false},"excerpt":{"rendered":"<p>John Moses Browning, a legend\u00e1s zseni, aki mindig egy l\u00e9p\u00e9ssel kora el\u0151tt j\u00e1rt, a GPDA 9-es pisztollyal mutatta meg innovat\u00edv oldal\u00e1t. A katonai \u00e9s k\u00fcl\u00f6nleges er\u0151k vil\u00e1gszerte m\u00e9g ma is b\u00edznak ebben a robusztus \u00e9s \u00fatt\u00f6r\u0151 konstrukci\u00f3ban. A Browning GPDA 9 egy 9 P.A.K. kaliber\u0171 expanzi\u00f3s (ind\u00edt\u00f3 \u00e9s g\u00e1z) pisztoly profiknak, f\u00e9m z\u00e1rszerkezettel \u00e9s v\u00e1zzal, m\u0171anyag sz\u00e1rral. Kiv\u00e1l\u00f3an megtervezett, \u00e9s optimaliz\u00e1lt kett\u0151s m\u0171k\u00f6d\u00e9s\u0171 ravaszral rendelkezik.<\/p>","protected":false},"featured_media":6034,"template":"","meta":{"_gspb_post_css":""},"product_brand":[],"product_cat":[1918,1825,1831,1826,1824],"product_tag":[],"class_list":{"0":"post-13510","1":"product","2":"type-product","3":"status-publish","4":"has-post-thumbnail","6":"product_cat-browning","7":"product_cat-expanzne-zbrane","8":"product_cat-pistole-umarex","9":"product_cat-umarex","10":"product_cat-zbrane-18-d","12":"first","13":"instock","14":"taxable","15":"shipping-taxable","16":"purchasable","17":"product-type-simple"},"ct_brands":[],"_links":{"self":[{"href":"https:\/\/zbranebudai.sk\/hu\/wp-json\/wp\/v2\/product\/13510","targetHints":{"allow":["GET"]}}],"collection":[{"href":"https:\/\/zbranebudai.sk\/hu\/wp-json\/wp\/v2\/product"}],"about":[{"href":"https:\/\/zbranebudai.sk\/hu\/wp-json\/wp\/v2\/types\/product"}],"wp:featuredmedia":[{"embeddable":true,"href":"https:\/\/zbranebudai.sk\/hu\/wp-json\/wp\/v2\/media\/6034"}],"wp:attachment":[{"href":"https:\/\/zbranebudai.sk\/hu\/wp-json\/wp\/v2\/media?parent=13510"}],"wp:term":[{"taxonomy":"product_brand","embeddable":true,"href":"https:\/\/zbranebudai.sk\/hu\/wp-json\/wp\/v2\/product_brand?post=13510"},{"taxonomy":"product_cat","embeddable":true,"href":"https:\/\/zbranebudai.sk\/hu\/wp-json\/wp\/v2\/product_cat?post=13510"},{"taxonomy":"product_tag","embeddable":true,"href":"https:\/\/zbranebudai.sk\/hu\/wp-json\/wp\/v2\/product_tag?post=13510"}],"curies":[{"name":"wp","href":"https:\/\/api.w.org\/{rel}","templated":true}]}}