{"id":13504,"date":"2025-02-17T17:54:42","date_gmt":"2025-02-17T15:54:42","guid":{"rendered":"https:\/\/zbranebudai.sk\/product\/pistol-co2-heckler-koch-mp5-k-pdw-kal-45mm-bb\/"},"modified":"2026-04-16T03:59:09","modified_gmt":"2026-04-16T01:59:09","slug":"co2-pisztoly-heckler-koch-mp5-k-pdw-cal-45mm-bb","status":"publish","type":"product","link":"https:\/\/zbranebudai.sk\/hu\/product\/pistol-co2-heckler-koch-mp5-k-pdw-kal-45mm-bb\/","title":{"rendered":"CO2 pisztoly Heckler &amp; Koch MP5 K-PDW, cal. 4.5mm BB"},"content":{"rendered":"","protected":false},"excerpt":{"rendered":"<p>CO2 pisztoly kaliber\u0171 pisztoly. 4,5 mm BB - ac\u00e9lgoly\u00f3k, Blow Back, fekete polimer v\u00e1z, \u00f6sszecsukhat\u00f3, levehet\u0151 f\u00e9m csukl\u00f3val \u00e9s takar\u00e1ssal ell\u00e1tott, egykezes l\u00f6v\u00e9s, kieg\u00e9sz\u00edt\u0151 weaver s\u00edn optika felszerel\u00e9s\u00e9hez, cs\u0151 170 mm, t\u00e1rkapacit\u00e1s 41 ac\u00e9lgoly\u00f3, stretch. 150 m\/s<\/p>","protected":false},"featured_media":6004,"template":"","meta":{"_gspb_post_css":""},"product_brand":[],"product_cat":[1841,1829,1824,1828],"product_tag":[],"class_list":{"0":"post-13504","1":"product","2":"type-product","3":"status-publish","4":"has-post-thumbnail","6":"product_cat-heckler-koch","7":"product_cat-pistole-na-co2","8":"product_cat-zbrane-18-d","9":"product_cat-zbrane-na-co2","11":"first","12":"instock","13":"taxable","14":"shipping-taxable","15":"purchasable","16":"product-type-simple"},"ct_brands":[],"_links":{"self":[{"href":"https:\/\/zbranebudai.sk\/hu\/wp-json\/wp\/v2\/product\/13504","targetHints":{"allow":["GET"]}}],"collection":[{"href":"https:\/\/zbranebudai.sk\/hu\/wp-json\/wp\/v2\/product"}],"about":[{"href":"https:\/\/zbranebudai.sk\/hu\/wp-json\/wp\/v2\/types\/product"}],"wp:featuredmedia":[{"embeddable":true,"href":"https:\/\/zbranebudai.sk\/hu\/wp-json\/wp\/v2\/media\/6004"}],"wp:attachment":[{"href":"https:\/\/zbranebudai.sk\/hu\/wp-json\/wp\/v2\/media?parent=13504"}],"wp:term":[{"taxonomy":"product_brand","embeddable":true,"href":"https:\/\/zbranebudai.sk\/hu\/wp-json\/wp\/v2\/product_brand?post=13504"},{"taxonomy":"product_cat","embeddable":true,"href":"https:\/\/zbranebudai.sk\/hu\/wp-json\/wp\/v2\/product_cat?post=13504"},{"taxonomy":"product_tag","embeddable":true,"href":"https:\/\/zbranebudai.sk\/hu\/wp-json\/wp\/v2\/product_tag?post=13504"}],"curies":[{"name":"wp","href":"https:\/\/api.w.org\/{rel}","templated":true}]}}