{"id":13503,"date":"2025-02-17T17:54:42","date_gmt":"2025-02-17T15:54:42","guid":{"rendered":"https:\/\/zbranebudai.sk\/product\/pistol-exp-walther-p88-compact-cierna-kal-9mm-p-a-k\/"},"modified":"2026-04-01T22:16:08","modified_gmt":"2026-04-01T20:16:08","slug":"pisztoly-exp-walther-p88-kompakt-fekete-kaloria-9mm-p-a-k","status":"publish","type":"product","link":"https:\/\/zbranebudai.sk\/hu\/product\/pistol-exp-walther-p88-compact-cierna-kal-9mm-p-a-k\/","title":{"rendered":"Pisztoly exp. Walther P88 Compact fekete, cal. 9mm P.A.K."},"content":{"rendered":"<p>PARAM\u00c9TEREK:<\/p>\n<p>Teljes hossz: 182 mm<br \/>\nA tart\u00e1ly kapacit\u00e1sa: 10<br \/>\nS\u00faly: 965 g<\/p>","protected":false},"excerpt":{"rendered":"<p>A Walther P88 volt az egyik els\u0151 \"csodafegyver\", amely nagy kapacit\u00e1s\u00fa t\u00e1rral \u00e9s k\u00e9toldali biztos\u00edt\u00f3val rendelkezett. A Walther m\u00e9rf\u00f6ldk\u00f6vet jelentett a modern \u00f6nt\u00f6lt\u0151 pisztolyok fejleszt\u00e9s\u00e9ben. A konstrukci\u00f3 rendk\u00edv\u00fcl robusztus \u00e9s nagyon nagy ig\u00e9nybev\u00e9telnek is ellen\u00e1ll. Ennek ellen\u00e9re a P88 nagyon k\u00e9nyelmesen fekszik a k\u00e9zben. Megb\u00edzhat a min\u0151s\u00e9g\u00e9ben \u00e9s a kivitelez\u00e9s\u00e9ben.<\/p>","protected":false},"featured_media":6002,"template":"","meta":{"_gspb_post_css":""},"product_brand":[],"product_cat":[1825,1831,1826,1830,1824],"product_tag":[],"class_list":{"0":"post-13503","1":"product","2":"type-product","3":"status-publish","4":"has-post-thumbnail","6":"product_cat-expanzne-zbrane","7":"product_cat-pistole-umarex","8":"product_cat-umarex","9":"product_cat-walther","10":"product_cat-zbrane-18-d","12":"first","13":"instock","14":"taxable","15":"shipping-taxable","16":"purchasable","17":"product-type-simple"},"ct_brands":[],"_links":{"self":[{"href":"https:\/\/zbranebudai.sk\/hu\/wp-json\/wp\/v2\/product\/13503","targetHints":{"allow":["GET"]}}],"collection":[{"href":"https:\/\/zbranebudai.sk\/hu\/wp-json\/wp\/v2\/product"}],"about":[{"href":"https:\/\/zbranebudai.sk\/hu\/wp-json\/wp\/v2\/types\/product"}],"wp:featuredmedia":[{"embeddable":true,"href":"https:\/\/zbranebudai.sk\/hu\/wp-json\/wp\/v2\/media\/6002"}],"wp:attachment":[{"href":"https:\/\/zbranebudai.sk\/hu\/wp-json\/wp\/v2\/media?parent=13503"}],"wp:term":[{"taxonomy":"product_brand","embeddable":true,"href":"https:\/\/zbranebudai.sk\/hu\/wp-json\/wp\/v2\/product_brand?post=13503"},{"taxonomy":"product_cat","embeddable":true,"href":"https:\/\/zbranebudai.sk\/hu\/wp-json\/wp\/v2\/product_cat?post=13503"},{"taxonomy":"product_tag","embeddable":true,"href":"https:\/\/zbranebudai.sk\/hu\/wp-json\/wp\/v2\/product_tag?post=13503"}],"curies":[{"name":"wp","href":"https:\/\/api.w.org\/{rel}","templated":true}]}}