{"id":13502,"date":"2025-02-17T17:54:42","date_gmt":"2025-02-17T15:54:42","guid":{"rendered":"https:\/\/zbranebudai.sk\/product\/tesnenie-piestu-hatsan-29-mm\/"},"modified":"2026-04-16T04:08:53","modified_gmt":"2026-04-16T02:08:53","slug":"dugattyu-tomites-hatsan-29-mm","status":"publish","type":"product","link":"https:\/\/zbranebudai.sk\/hu\/product\/tesnenie-piestu-hatsan-29-mm\/","title":{"rendered":"Dugatty\u00fat\u00f6m\u00edt\u00e9s Hatsan 29 mm"},"content":{"rendered":"","protected":false},"excerpt":{"rendered":"<p>Hatsan 125-135-\u00f6s l\u00e9gpusk\u00e1khoz tervezt\u00e9k. A fenti modellekhez Vortex kivitelben is (l\u00e9gdugatty\u00faval).<\/p>","protected":false},"featured_media":6000,"template":"","meta":{"_gspb_post_css":""},"product_brand":[],"product_cat":[1840,1839,1834,1824],"product_tag":[],"class_list":{"0":"post-13502","1":"product","2":"type-product","3":"status-publish","4":"has-post-thumbnail","6":"product_cat-nahradne-diely","7":"product_cat-prislusenstvo-a-nd","8":"product_cat-vzduchovky","9":"product_cat-zbrane-18-d","11":"first","12":"instock","13":"taxable","14":"shipping-taxable","15":"purchasable","16":"product-type-simple"},"ct_brands":[],"_links":{"self":[{"href":"https:\/\/zbranebudai.sk\/hu\/wp-json\/wp\/v2\/product\/13502","targetHints":{"allow":["GET"]}}],"collection":[{"href":"https:\/\/zbranebudai.sk\/hu\/wp-json\/wp\/v2\/product"}],"about":[{"href":"https:\/\/zbranebudai.sk\/hu\/wp-json\/wp\/v2\/types\/product"}],"wp:featuredmedia":[{"embeddable":true,"href":"https:\/\/zbranebudai.sk\/hu\/wp-json\/wp\/v2\/media\/6000"}],"wp:attachment":[{"href":"https:\/\/zbranebudai.sk\/hu\/wp-json\/wp\/v2\/media?parent=13502"}],"wp:term":[{"taxonomy":"product_brand","embeddable":true,"href":"https:\/\/zbranebudai.sk\/hu\/wp-json\/wp\/v2\/product_brand?post=13502"},{"taxonomy":"product_cat","embeddable":true,"href":"https:\/\/zbranebudai.sk\/hu\/wp-json\/wp\/v2\/product_cat?post=13502"},{"taxonomy":"product_tag","embeddable":true,"href":"https:\/\/zbranebudai.sk\/hu\/wp-json\/wp\/v2\/product_tag?post=13502"}],"curies":[{"name":"wp","href":"https:\/\/api.w.org\/{rel}","templated":true}]}}