{"id":13501,"date":"2025-02-17T17:54:42","date_gmt":"2025-02-17T15:54:42","guid":{"rendered":"https:\/\/zbranebudai.sk\/product\/tesnenie-piestu-hatsan-27-mm\/"},"modified":"2026-04-16T03:35:58","modified_gmt":"2026-04-16T01:35:58","slug":"dugattyu-tomites-hatsan-27-mm","status":"publish","type":"product","link":"https:\/\/zbranebudai.sk\/hu\/product\/tesnenie-piestu-hatsan-27-mm\/","title":{"rendered":"Hatsan dugatty\u00fat\u00f6m\u00edt\u00e9s 27 mm"},"content":{"rendered":"","protected":false},"excerpt":{"rendered":"<p>Hatsan 25 \/ 25 SuperCharger \/ 25 SuperTact \/ 55S - 99 \/ Striker \/ 100X \/ 105X Torpedo \/ Airtact \/ Alpha \/ Striker 1000X \/ Striker 1000S l\u00e9gpusk\u00e1khoz tervezve. A fenti modellekhez Vortex (l\u00e9gdugatty\u00fas) kivitelben is.<\/p>","protected":false},"featured_media":5998,"template":"","meta":{"_gspb_post_css":""},"product_brand":[],"product_cat":[1915,1845,1834,1824],"product_tag":[],"class_list":{"0":"post-13501","1":"product","2":"type-product","3":"status-publish","4":"has-post-thumbnail","6":"product_cat-nahradne-diely-prislusenstvo-a-nd-vzduchovky","7":"product_cat-prislusenstvo-a-nd-vzduchovky","8":"product_cat-vzduchovky","9":"product_cat-zbrane-18-d","11":"first","12":"instock","13":"taxable","14":"shipping-taxable","15":"purchasable","16":"product-type-simple"},"ct_brands":[],"_links":{"self":[{"href":"https:\/\/zbranebudai.sk\/hu\/wp-json\/wp\/v2\/product\/13501","targetHints":{"allow":["GET"]}}],"collection":[{"href":"https:\/\/zbranebudai.sk\/hu\/wp-json\/wp\/v2\/product"}],"about":[{"href":"https:\/\/zbranebudai.sk\/hu\/wp-json\/wp\/v2\/types\/product"}],"wp:featuredmedia":[{"embeddable":true,"href":"https:\/\/zbranebudai.sk\/hu\/wp-json\/wp\/v2\/media\/5998"}],"wp:attachment":[{"href":"https:\/\/zbranebudai.sk\/hu\/wp-json\/wp\/v2\/media?parent=13501"}],"wp:term":[{"taxonomy":"product_brand","embeddable":true,"href":"https:\/\/zbranebudai.sk\/hu\/wp-json\/wp\/v2\/product_brand?post=13501"},{"taxonomy":"product_cat","embeddable":true,"href":"https:\/\/zbranebudai.sk\/hu\/wp-json\/wp\/v2\/product_cat?post=13501"},{"taxonomy":"product_tag","embeddable":true,"href":"https:\/\/zbranebudai.sk\/hu\/wp-json\/wp\/v2\/product_tag?post=13501"}],"curies":[{"name":"wp","href":"https:\/\/api.w.org\/{rel}","templated":true}]}}