{"id":13498,"date":"2025-02-17T17:54:40","date_gmt":"2025-02-17T15:54:40","guid":{"rendered":"https:\/\/zbranebudai.sk\/product\/platnicka-cielnika-mr05901-61037-pre-ruger-mkiii-a-ine\/"},"modified":"2026-04-16T05:00:10","modified_gmt":"2026-04-16T03:00:10","slug":"radiatorlemez-mr05901-61037-ruger-mkiii-es-masokhoz","status":"publish","type":"product","link":"https:\/\/zbranebudai.sk\/hu\/product\/platnicka-cielnika-mr05901-61037-pre-ruger-mkiii-a-ine\/","title":{"rendered":"MR05901 (61037) c\u00e9lt\u00e1bla Ruger MKIII \u00e9s m\u00e1sokhoz"},"content":{"rendered":"","protected":false},"excerpt":{"rendered":"<p>Az MR05901 (61037) c\u00e9lt\u00e1bla U alak\u00fa kiv\u00e1g\u00e1ssal a Ruger MKI-II \u00e9s MKIII pisztolysorozatokhoz haszn\u00e1lhat\u00f3.<\/p>","protected":false},"featured_media":5984,"template":"","meta":{"_gspb_post_css":""},"product_brand":[],"product_cat":[1864,1898,1877,1820],"product_tag":[],"class_list":{"0":"post-13498","1":"product","2":"type-product","3":"status-publish","4":"has-post-thumbnail","6":"product_cat-pistole-zbrane-b-c","7":"product_cat-prislusenstvo-ruger-ruger-pistole-zbrane-b-c","8":"product_cat-ruger-pistole-zbrane-b-c","9":"product_cat-zbrane-b-c","11":"first","12":"outofstock","13":"taxable","14":"shipping-taxable","15":"purchasable","16":"product-type-simple"},"ct_brands":[],"_links":{"self":[{"href":"https:\/\/zbranebudai.sk\/hu\/wp-json\/wp\/v2\/product\/13498","targetHints":{"allow":["GET"]}}],"collection":[{"href":"https:\/\/zbranebudai.sk\/hu\/wp-json\/wp\/v2\/product"}],"about":[{"href":"https:\/\/zbranebudai.sk\/hu\/wp-json\/wp\/v2\/types\/product"}],"wp:featuredmedia":[{"embeddable":true,"href":"https:\/\/zbranebudai.sk\/hu\/wp-json\/wp\/v2\/media\/5984"}],"wp:attachment":[{"href":"https:\/\/zbranebudai.sk\/hu\/wp-json\/wp\/v2\/media?parent=13498"}],"wp:term":[{"taxonomy":"product_brand","embeddable":true,"href":"https:\/\/zbranebudai.sk\/hu\/wp-json\/wp\/v2\/product_brand?post=13498"},{"taxonomy":"product_cat","embeddable":true,"href":"https:\/\/zbranebudai.sk\/hu\/wp-json\/wp\/v2\/product_cat?post=13498"},{"taxonomy":"product_tag","embeddable":true,"href":"https:\/\/zbranebudai.sk\/hu\/wp-json\/wp\/v2\/product_tag?post=13498"}],"curies":[{"name":"wp","href":"https:\/\/api.w.org\/{rel}","templated":true}]}}