{"id":13490,"date":"2025-02-17T17:54:39","date_gmt":"2025-02-17T15:54:39","guid":{"rendered":"https:\/\/zbranebudai.sk\/product\/vedenie-spustovej-paky-pre-jp6-jp4\/"},"modified":"2026-04-16T05:09:04","modified_gmt":"2026-04-16T03:09:04","slug":"jp6-jp4-trigger-csomagkezeles","status":"publish","type":"product","link":"https:\/\/zbranebudai.sk\/hu\/product\/vedenie-spustovej-paky-pre-jp6-jp4\/","title":{"rendered":"A JP6\/JP4 ind\u00edt\u00f3kar bek\u00f6t\u00e9se"},"content":{"rendered":"","protected":false},"excerpt":{"rendered":"","protected":false},"featured_media":5962,"template":"","meta":{"_gspb_post_css":""},"product_brand":[],"product_cat":[1843,1844,1824],"product_tag":[],"class_list":{"0":"post-13490","1":"product","2":"type-product","3":"status-publish","4":"has-post-thumbnail","6":"product_cat-jatocne-pristroje","7":"product_cat-prislusenstvo-jatocne-pristroje","8":"product_cat-zbrane-18-d","10":"first","11":"instock","12":"taxable","13":"shipping-taxable","14":"purchasable","15":"product-type-simple"},"ct_brands":[],"_links":{"self":[{"href":"https:\/\/zbranebudai.sk\/hu\/wp-json\/wp\/v2\/product\/13490","targetHints":{"allow":["GET"]}}],"collection":[{"href":"https:\/\/zbranebudai.sk\/hu\/wp-json\/wp\/v2\/product"}],"about":[{"href":"https:\/\/zbranebudai.sk\/hu\/wp-json\/wp\/v2\/types\/product"}],"wp:featuredmedia":[{"embeddable":true,"href":"https:\/\/zbranebudai.sk\/hu\/wp-json\/wp\/v2\/media\/5962"}],"wp:attachment":[{"href":"https:\/\/zbranebudai.sk\/hu\/wp-json\/wp\/v2\/media?parent=13490"}],"wp:term":[{"taxonomy":"product_brand","embeddable":true,"href":"https:\/\/zbranebudai.sk\/hu\/wp-json\/wp\/v2\/product_brand?post=13490"},{"taxonomy":"product_cat","embeddable":true,"href":"https:\/\/zbranebudai.sk\/hu\/wp-json\/wp\/v2\/product_cat?post=13490"},{"taxonomy":"product_tag","embeddable":true,"href":"https:\/\/zbranebudai.sk\/hu\/wp-json\/wp\/v2\/product_tag?post=13490"}],"curies":[{"name":"wp","href":"https:\/\/api.w.org\/{rel}","templated":true}]}}