{"id":13488,"date":"2025-02-17T17:54:39","date_gmt":"2025-02-17T15:54:39","guid":{"rendered":"https:\/\/zbranebudai.sk\/product\/vratna-pruzina-s-vodiacou-tyckou-ka-57\/"},"modified":"2026-04-09T02:18:55","modified_gmt":"2026-04-09T00:18:55","slug":"visszafordito-rud-vezeto-ruddal-ka-57","status":"publish","type":"product","link":"https:\/\/zbranebudai.sk\/hu\/product\/vratna-pruzina-s-vodiacou-tyckou-ka-57\/","title":{"rendered":"Visszat\u00e9r\u00edt\u0151 rug\u00f3 KA-57 vezet\u0151 r\u00faddal"},"content":{"rendered":"","protected":false},"excerpt":{"rendered":"<p>Visszarug\u00f3 KA-57 vezet\u0151 r\u00faddal (61051) Ruger MKI-II \u00e9s MKIII pisztolyokhoz<\/p>","protected":false},"featured_media":0,"template":"","meta":{"_gspb_post_css":""},"product_brand":[],"product_cat":[1864,1898,1877,1820],"product_tag":[],"class_list":{"0":"post-13488","1":"product","2":"type-product","3":"status-publish","5":"product_cat-pistole-zbrane-b-c","6":"product_cat-prislusenstvo-ruger-ruger-pistole-zbrane-b-c","7":"product_cat-ruger-pistole-zbrane-b-c","8":"product_cat-zbrane-b-c","10":"first","11":"outofstock","12":"taxable","13":"shipping-taxable","14":"purchasable","15":"product-type-simple"},"ct_brands":[],"_links":{"self":[{"href":"https:\/\/zbranebudai.sk\/hu\/wp-json\/wp\/v2\/product\/13488","targetHints":{"allow":["GET"]}}],"collection":[{"href":"https:\/\/zbranebudai.sk\/hu\/wp-json\/wp\/v2\/product"}],"about":[{"href":"https:\/\/zbranebudai.sk\/hu\/wp-json\/wp\/v2\/types\/product"}],"wp:attachment":[{"href":"https:\/\/zbranebudai.sk\/hu\/wp-json\/wp\/v2\/media?parent=13488"}],"wp:term":[{"taxonomy":"product_brand","embeddable":true,"href":"https:\/\/zbranebudai.sk\/hu\/wp-json\/wp\/v2\/product_brand?post=13488"},{"taxonomy":"product_cat","embeddable":true,"href":"https:\/\/zbranebudai.sk\/hu\/wp-json\/wp\/v2\/product_cat?post=13488"},{"taxonomy":"product_tag","embeddable":true,"href":"https:\/\/zbranebudai.sk\/hu\/wp-json\/wp\/v2\/product_tag?post=13488"}],"curies":[{"name":"wp","href":"https:\/\/api.w.org\/{rel}","templated":true}]}}