{"id":13486,"date":"2025-02-17T17:54:39","date_gmt":"2025-02-17T15:54:39","guid":{"rendered":"https:\/\/zbranebudai.sk\/product\/pelety-cistiace-kal-45mm\/"},"modified":"2026-04-01T22:49:02","modified_gmt":"2026-04-01T20:49:02","slug":"tisztito-golyok-cal-45mm","status":"publish","type":"product","link":"https:\/\/zbranebudai.sk\/hu\/product\/pelety-cistiace-kal-45mm\/","title":{"rendered":"Tiszt\u00edt\u00f3 pellet, cal. 4,5mm"},"content":{"rendered":"","protected":false},"excerpt":{"rendered":"<p>Tiszt\u00edt\u00f3 filc l\u00f6ved\u00e9k (pellet), cal. 4,5mm, 100db<\/p>","protected":false},"featured_media":5953,"template":"","meta":{"_gspb_post_css":""},"product_brand":[],"product_cat":[1833,1824,1828],"product_tag":[],"class_list":{"0":"post-13486","1":"product","2":"type-product","3":"status-publish","4":"has-post-thumbnail","6":"product_cat-co2-prislusenstvo","7":"product_cat-zbrane-18-d","8":"product_cat-zbrane-na-co2","10":"first","11":"instock","12":"taxable","13":"shipping-taxable","14":"purchasable","15":"product-type-simple"},"ct_brands":[],"_links":{"self":[{"href":"https:\/\/zbranebudai.sk\/hu\/wp-json\/wp\/v2\/product\/13486","targetHints":{"allow":["GET"]}}],"collection":[{"href":"https:\/\/zbranebudai.sk\/hu\/wp-json\/wp\/v2\/product"}],"about":[{"href":"https:\/\/zbranebudai.sk\/hu\/wp-json\/wp\/v2\/types\/product"}],"wp:featuredmedia":[{"embeddable":true,"href":"https:\/\/zbranebudai.sk\/hu\/wp-json\/wp\/v2\/media\/5953"}],"wp:attachment":[{"href":"https:\/\/zbranebudai.sk\/hu\/wp-json\/wp\/v2\/media?parent=13486"}],"wp:term":[{"taxonomy":"product_brand","embeddable":true,"href":"https:\/\/zbranebudai.sk\/hu\/wp-json\/wp\/v2\/product_brand?post=13486"},{"taxonomy":"product_cat","embeddable":true,"href":"https:\/\/zbranebudai.sk\/hu\/wp-json\/wp\/v2\/product_cat?post=13486"},{"taxonomy":"product_tag","embeddable":true,"href":"https:\/\/zbranebudai.sk\/hu\/wp-json\/wp\/v2\/product_tag?post=13486"}],"curies":[{"name":"wp","href":"https:\/\/api.w.org\/{rel}","templated":true}]}}