{"id":13484,"date":"2025-02-17T17:54:39","date_gmt":"2025-02-17T15:54:39","guid":{"rendered":"https:\/\/zbranebudai.sk\/product\/piest-do-vzduchovky-hatsan-55s-99\/"},"modified":"2026-04-01T22:51:04","modified_gmt":"2026-04-01T20:51:04","slug":"dugattyu-legpuskahoz-hatsan-55s-99","status":"publish","type":"product","link":"https:\/\/zbranebudai.sk\/hu\/product\/piest-do-vzduchovky-hatsan-55s-99\/","title":{"rendered":"Dugatty\u00fa l\u00e9gpusk\u00e1hoz Hatsan 55S - 99"},"content":{"rendered":"","protected":false},"excerpt":{"rendered":"<p>Dugatty\u00fa Hatsan l\u00e9gpusk\u00e1hoz 55-60-70-70-75-80-80-85-88-90-95-99-SpeedFire modellekhez. Aj\u00e1nlott a pisztoly cser\u00e9j\u00e9t tapasztalt fegyverkov\u00e1cs \u00e1ltal v\u00e9geztetni, mivel a szakszer\u0171tlen beavatkoz\u00e1s k\u00e1ros\u00edthatja a pisztolyt \u00e9s \u00e9rv\u00e9nytelen\u00edtheti a garanci\u00e1t.<\/p>","protected":false},"featured_media":5935,"template":"","meta":{"_gspb_post_css":""},"product_brand":[],"product_cat":[1840,1839,1834,1824],"product_tag":[],"class_list":{"0":"post-13484","1":"product","2":"type-product","3":"status-publish","4":"has-post-thumbnail","6":"product_cat-nahradne-diely","7":"product_cat-prislusenstvo-a-nd","8":"product_cat-vzduchovky","9":"product_cat-zbrane-18-d","11":"first","12":"instock","13":"taxable","14":"shipping-taxable","15":"purchasable","16":"product-type-simple"},"ct_brands":[],"_links":{"self":[{"href":"https:\/\/zbranebudai.sk\/hu\/wp-json\/wp\/v2\/product\/13484","targetHints":{"allow":["GET"]}}],"collection":[{"href":"https:\/\/zbranebudai.sk\/hu\/wp-json\/wp\/v2\/product"}],"about":[{"href":"https:\/\/zbranebudai.sk\/hu\/wp-json\/wp\/v2\/types\/product"}],"wp:featuredmedia":[{"embeddable":true,"href":"https:\/\/zbranebudai.sk\/hu\/wp-json\/wp\/v2\/media\/5935"}],"wp:attachment":[{"href":"https:\/\/zbranebudai.sk\/hu\/wp-json\/wp\/v2\/media?parent=13484"}],"wp:term":[{"taxonomy":"product_brand","embeddable":true,"href":"https:\/\/zbranebudai.sk\/hu\/wp-json\/wp\/v2\/product_brand?post=13484"},{"taxonomy":"product_cat","embeddable":true,"href":"https:\/\/zbranebudai.sk\/hu\/wp-json\/wp\/v2\/product_cat?post=13484"},{"taxonomy":"product_tag","embeddable":true,"href":"https:\/\/zbranebudai.sk\/hu\/wp-json\/wp\/v2\/product_tag?post=13484"}],"curies":[{"name":"wp","href":"https:\/\/api.w.org\/{rel}","templated":true}]}}