{"id":13483,"date":"2025-02-17T17:54:39","date_gmt":"2025-02-17T15:54:39","guid":{"rendered":"https:\/\/zbranebudai.sk\/product\/ruger-super-redhawk-standard-5505-kal-454casull\/"},"modified":"2026-04-16T04:42:53","modified_gmt":"2026-04-16T02:42:53","slug":"ruger-super-redhawk-standard-5505-cal-454casull","status":"publish","type":"product","link":"https:\/\/zbranebudai.sk\/hu\/product\/ruger-super-redhawk-standard-5505-kal-454casull\/","title":{"rendered":"Ruger Super Redhawk Standard 5505, cal. .454Casull"},"content":{"rendered":"<p>PARAM\u00c9TEREK:<\/p>\n<p>Kapacit\u00e1s: 6 t\u00f6lt\u00e9ny<br \/>\nCs\u0151hossz: 190 mm (7.5\u2033)<br \/>\nTeljes hossz: 330 mm<br \/>\nCs\u0151oszt\u00e1s: 1:24\u2033 RH<br \/>\nAnyag: Rozsdamentes ac\u00e9l<br \/>\nS\u00faly: 1,47 kg<\/p>","protected":false},"excerpt":{"rendered":"<p>A Ruger Super Redhawk revolvercsal\u00e1d robusztus konstrukci\u00f3val rendelkezik, amelyet kifejezetten a neh\u00e9z terhel\u00e9sek kezel\u00e9s\u00e9re terveztek. A k\u00f6zvetlen\u00fcl a t\u00f6m\u00f6r ac\u00e9ltestbe \u00e9p\u00edtett integr\u00e1lt r\u00f6gz\u00edt\u00e9s stabil r\u00f6gz\u00edt\u00e9si fel\u00fcletet biztos\u00edt a c\u00e9lt\u00e1vcs\u0151gy\u0171r\u0171knek (tartoz\u00e9k), kik\u00fcsz\u00f6b\u00f6lve a j\u00e1t\u00e9k \u00e9s a pontatlans\u00e1g lehets\u00e9ges forr\u00e1s\u00e1t. A hidegen kov\u00e1csolt cs\u0151 kiv\u00e1l\u00f3 pontoss\u00e1got biztos\u00edt. A szat\u00e9n rozsdamentes ac\u00e9lb\u00f3l k\u00e9sz\u00fclt, kett\u0151s m\u0171k\u00f6dtet\u00e9s\u0171 Redhawk h\u00e1romszoros hengerz\u00e1rral \u00e9s egyedi \"egyrug\u00f3s\" mechanizmussal rendelkezik a sima \u00e9s k\u00f6nny\u0171 ravaszh\u00faz\u00e1s \u00e9rdek\u00e9ben. K\u00f6nnyen cser\u00e9lhet\u0151 sz\u00ednes l\u00e9gycsap\u00f3 b\u00e9l\u00e9s \u00e9s \u00e1ll\u00edthat\u00f3 feh\u00e9r k\u00f6rvonal\u00fa c\u00e9lkereszt. A .454 Casull modellek dupla kaliber\u0171ek, \u00e9s elfogadj\u00e1k a cal. .45 Colt kaliber\u0171 kalibereket is.<\/p>","protected":false},"featured_media":5913,"template":"","meta":{"_gspb_post_css":""},"product_brand":[],"product_cat":[1858,1859,1896,1820],"product_tag":[],"class_list":{"0":"post-13483","1":"product","2":"type-product","3":"status-publish","4":"has-post-thumbnail","6":"product_cat-revolvery-zbrane-b-c","7":"product_cat-ruger-revolvery-zbrane-b-c","8":"product_cat-super-redhawk","9":"product_cat-zbrane-b-c","11":"first","12":"instock","13":"taxable","14":"shipping-taxable","15":"purchasable","16":"product-type-simple"},"ct_brands":[],"_links":{"self":[{"href":"https:\/\/zbranebudai.sk\/hu\/wp-json\/wp\/v2\/product\/13483","targetHints":{"allow":["GET"]}}],"collection":[{"href":"https:\/\/zbranebudai.sk\/hu\/wp-json\/wp\/v2\/product"}],"about":[{"href":"https:\/\/zbranebudai.sk\/hu\/wp-json\/wp\/v2\/types\/product"}],"wp:featuredmedia":[{"embeddable":true,"href":"https:\/\/zbranebudai.sk\/hu\/wp-json\/wp\/v2\/media\/5913"}],"wp:attachment":[{"href":"https:\/\/zbranebudai.sk\/hu\/wp-json\/wp\/v2\/media?parent=13483"}],"wp:term":[{"taxonomy":"product_brand","embeddable":true,"href":"https:\/\/zbranebudai.sk\/hu\/wp-json\/wp\/v2\/product_brand?post=13483"},{"taxonomy":"product_cat","embeddable":true,"href":"https:\/\/zbranebudai.sk\/hu\/wp-json\/wp\/v2\/product_cat?post=13483"},{"taxonomy":"product_tag","embeddable":true,"href":"https:\/\/zbranebudai.sk\/hu\/wp-json\/wp\/v2\/product_tag?post=13483"}],"curies":[{"name":"wp","href":"https:\/\/api.w.org\/{rel}","templated":true}]}}