{"id":13480,"date":"2025-02-17T17:54:38","date_gmt":"2025-02-17T15:54:38","guid":{"rendered":"https:\/\/zbranebudai.sk\/product\/pruzina-piestu-vzduchoviek-ruger\/"},"modified":"2026-04-09T01:27:56","modified_gmt":"2026-04-08T23:27:56","slug":"ruger-legpuska-dugattyurud","status":"publish","type":"product","link":"https:\/\/zbranebudai.sk\/hu\/product\/pruzina-piestu-vzduchoviek-ruger\/","title":{"rendered":"Ruger l\u00e9gpuska dugatty\u00fa rug\u00f3"},"content":{"rendered":"","protected":false},"excerpt":{"rendered":"<p>Ruger Black Hawk, Ruger Air Hawk \u00e9s Ruger Air Hawk Elite l\u00e9gpusk\u00e1khoz val\u00f3 dugatty\u00farug\u00f3.<\/p>","protected":false},"featured_media":5906,"template":"","meta":{"_gspb_post_css":""},"product_brand":[],"product_cat":[1840,1839,1834,1824],"product_tag":[],"class_list":{"0":"post-13480","1":"product","2":"type-product","3":"status-publish","4":"has-post-thumbnail","6":"product_cat-nahradne-diely","7":"product_cat-prislusenstvo-a-nd","8":"product_cat-vzduchovky","9":"product_cat-zbrane-18-d","11":"first","12":"outofstock","13":"taxable","14":"shipping-taxable","15":"purchasable","16":"product-type-simple"},"ct_brands":[],"_links":{"self":[{"href":"https:\/\/zbranebudai.sk\/hu\/wp-json\/wp\/v2\/product\/13480","targetHints":{"allow":["GET"]}}],"collection":[{"href":"https:\/\/zbranebudai.sk\/hu\/wp-json\/wp\/v2\/product"}],"about":[{"href":"https:\/\/zbranebudai.sk\/hu\/wp-json\/wp\/v2\/types\/product"}],"wp:featuredmedia":[{"embeddable":true,"href":"https:\/\/zbranebudai.sk\/hu\/wp-json\/wp\/v2\/media\/5906"}],"wp:attachment":[{"href":"https:\/\/zbranebudai.sk\/hu\/wp-json\/wp\/v2\/media?parent=13480"}],"wp:term":[{"taxonomy":"product_brand","embeddable":true,"href":"https:\/\/zbranebudai.sk\/hu\/wp-json\/wp\/v2\/product_brand?post=13480"},{"taxonomy":"product_cat","embeddable":true,"href":"https:\/\/zbranebudai.sk\/hu\/wp-json\/wp\/v2\/product_cat?post=13480"},{"taxonomy":"product_tag","embeddable":true,"href":"https:\/\/zbranebudai.sk\/hu\/wp-json\/wp\/v2\/product_tag?post=13480"}],"curies":[{"name":"wp","href":"https:\/\/api.w.org\/{rel}","templated":true}]}}