{"id":13477,"date":"2025-02-17T17:54:37","date_gmt":"2025-02-17T15:54:37","guid":{"rendered":"https:\/\/zbranebudai.sk\/product\/pruzina-vratna-g29-g30-8063\/"},"modified":"2026-04-16T05:02:54","modified_gmt":"2026-04-16T03:02:54","slug":"ajtopant-g29-g30-8063","status":"publish","type":"product","link":"https:\/\/zbranebudai.sk\/hu\/product\/pruzina-vratna-g29-g30-8063\/","title":{"rendered":"Megford\u00edthat\u00f3 rug\u00f3 G29\/G30 (8063)"},"content":{"rendered":"","protected":false},"excerpt":{"rendered":"<p>Visszarug\u00f3 szerelv\u00e9ny a 3. gener\u00e1ci\u00f3s modellekhez: 29, 29 SF, 30, 30 SF, 30S, 36.<\/p>","protected":false},"featured_media":5887,"template":"","meta":{"_gspb_post_css":""},"product_brand":[],"product_cat":[1908,1909,1864,1820],"product_tag":[],"class_list":{"0":"post-13477","1":"product","2":"type-product","3":"status-publish","4":"has-post-thumbnail","6":"product_cat-glock-prislusenstvo","7":"product_cat-nahradne-diely-glock","8":"product_cat-pistole-zbrane-b-c","9":"product_cat-zbrane-b-c","11":"first","12":"instock","13":"taxable","14":"shipping-taxable","15":"purchasable","16":"product-type-simple"},"ct_brands":[],"_links":{"self":[{"href":"https:\/\/zbranebudai.sk\/hu\/wp-json\/wp\/v2\/product\/13477","targetHints":{"allow":["GET"]}}],"collection":[{"href":"https:\/\/zbranebudai.sk\/hu\/wp-json\/wp\/v2\/product"}],"about":[{"href":"https:\/\/zbranebudai.sk\/hu\/wp-json\/wp\/v2\/types\/product"}],"wp:featuredmedia":[{"embeddable":true,"href":"https:\/\/zbranebudai.sk\/hu\/wp-json\/wp\/v2\/media\/5887"}],"wp:attachment":[{"href":"https:\/\/zbranebudai.sk\/hu\/wp-json\/wp\/v2\/media?parent=13477"}],"wp:term":[{"taxonomy":"product_brand","embeddable":true,"href":"https:\/\/zbranebudai.sk\/hu\/wp-json\/wp\/v2\/product_brand?post=13477"},{"taxonomy":"product_cat","embeddable":true,"href":"https:\/\/zbranebudai.sk\/hu\/wp-json\/wp\/v2\/product_cat?post=13477"},{"taxonomy":"product_tag","embeddable":true,"href":"https:\/\/zbranebudai.sk\/hu\/wp-json\/wp\/v2\/product_tag?post=13477"}],"curies":[{"name":"wp","href":"https:\/\/api.w.org\/{rel}","templated":true}]}}