{"id":13475,"date":"2025-02-17T17:54:37","date_gmt":"2025-02-17T15:54:37","guid":{"rendered":"https:\/\/zbranebudai.sk\/product\/vypustac-zasobnika-pre-mod-mb-9x19-5528\/"},"modified":"2026-04-16T05:02:54","modified_gmt":"2026-04-16T03:02:54","slug":"tartaly-leereszto-mod-mb-9x19-5528-hoz","status":"publish","type":"product","link":"https:\/\/zbranebudai.sk\/hu\/product\/vypustac-zasobnika-pre-mod-mb-9x19-5528\/","title":{"rendered":"T\u00e1lc\u00e1s lefoly\u00f3 a mod. MB (9\u00d719) (5528)"},"content":{"rendered":"","protected":false},"excerpt":{"rendered":"<p>5528-as t\u00e1rkiold\u00f3 (m\u0171anyag gomb) minden MB kaliber\u0171 modellhez 9\u00d719, .40 SW, .357 SIG. Gen4 modellekhez nem alkalmas.<\/p>","protected":false},"featured_media":0,"template":"","meta":{"_gspb_post_css":""},"product_brand":[],"product_cat":[1908,1909,1864,1820],"product_tag":[],"class_list":{"0":"post-13475","1":"product","2":"type-product","3":"status-publish","5":"product_cat-glock-prislusenstvo","6":"product_cat-nahradne-diely-glock","7":"product_cat-pistole-zbrane-b-c","8":"product_cat-zbrane-b-c","10":"first","11":"instock","12":"taxable","13":"shipping-taxable","14":"purchasable","15":"product-type-simple"},"ct_brands":[],"_links":{"self":[{"href":"https:\/\/zbranebudai.sk\/hu\/wp-json\/wp\/v2\/product\/13475","targetHints":{"allow":["GET"]}}],"collection":[{"href":"https:\/\/zbranebudai.sk\/hu\/wp-json\/wp\/v2\/product"}],"about":[{"href":"https:\/\/zbranebudai.sk\/hu\/wp-json\/wp\/v2\/types\/product"}],"wp:attachment":[{"href":"https:\/\/zbranebudai.sk\/hu\/wp-json\/wp\/v2\/media?parent=13475"}],"wp:term":[{"taxonomy":"product_brand","embeddable":true,"href":"https:\/\/zbranebudai.sk\/hu\/wp-json\/wp\/v2\/product_brand?post=13475"},{"taxonomy":"product_cat","embeddable":true,"href":"https:\/\/zbranebudai.sk\/hu\/wp-json\/wp\/v2\/product_cat?post=13475"},{"taxonomy":"product_tag","embeddable":true,"href":"https:\/\/zbranebudai.sk\/hu\/wp-json\/wp\/v2\/product_tag?post=13475"}],"curies":[{"name":"wp","href":"https:\/\/api.w.org\/{rel}","templated":true}]}}