{"id":13474,"date":"2025-02-17T17:54:37","date_gmt":"2025-02-17T15:54:37","guid":{"rendered":"https:\/\/zbranebudai.sk\/product\/pruzina-zachytu-zasobnika-pre-mod-mb-5315\/"},"modified":"2026-05-07T13:08:24","modified_gmt":"2026-05-07T11:08:24","slug":"talcafogo-rugo-mod-mb-5315-hez","status":"publish","type":"product","link":"https:\/\/zbranebudai.sk\/hu\/product\/pruzina-zachytu-zasobnika-pre-mod-mb-5315\/","title":{"rendered":"T\u00e1rz\u00e1rrug\u00f3 rug\u00f3 mod. MB (5315)"},"content":{"rendered":"","protected":false},"excerpt":{"rendered":"","protected":false},"featured_media":5882,"template":"","meta":{"_gspb_post_css":""},"product_brand":[],"product_cat":[1908,1909,1864,1820],"product_tag":[],"class_list":{"0":"post-13474","1":"product","2":"type-product","3":"status-publish","4":"has-post-thumbnail","6":"product_cat-glock-prislusenstvo","7":"product_cat-nahradne-diely-glock","8":"product_cat-pistole-zbrane-b-c","9":"product_cat-zbrane-b-c","11":"first","12":"instock","13":"taxable","14":"shipping-taxable","15":"purchasable","16":"product-type-simple"},"ct_brands":[],"_links":{"self":[{"href":"https:\/\/zbranebudai.sk\/hu\/wp-json\/wp\/v2\/product\/13474","targetHints":{"allow":["GET"]}}],"collection":[{"href":"https:\/\/zbranebudai.sk\/hu\/wp-json\/wp\/v2\/product"}],"about":[{"href":"https:\/\/zbranebudai.sk\/hu\/wp-json\/wp\/v2\/types\/product"}],"wp:featuredmedia":[{"embeddable":true,"href":"https:\/\/zbranebudai.sk\/hu\/wp-json\/wp\/v2\/media\/5882"}],"wp:attachment":[{"href":"https:\/\/zbranebudai.sk\/hu\/wp-json\/wp\/v2\/media?parent=13474"}],"wp:term":[{"taxonomy":"product_brand","embeddable":true,"href":"https:\/\/zbranebudai.sk\/hu\/wp-json\/wp\/v2\/product_brand?post=13474"},{"taxonomy":"product_cat","embeddable":true,"href":"https:\/\/zbranebudai.sk\/hu\/wp-json\/wp\/v2\/product_cat?post=13474"},{"taxonomy":"product_tag","embeddable":true,"href":"https:\/\/zbranebudai.sk\/hu\/wp-json\/wp\/v2\/product_tag?post=13474"}],"curies":[{"name":"wp","href":"https:\/\/api.w.org\/{rel}","templated":true}]}}