{"id":13467,"date":"2025-02-17T17:54:36","date_gmt":"2025-02-17T15:54:36","guid":{"rendered":"https:\/\/zbranebudai.sk\/product\/pruzina-zapadky-zaveru-g19-g23-2317\/"},"modified":"2026-04-16T05:07:17","modified_gmt":"2026-04-16T03:07:17","slug":"racsnis-csavarrugo-g19-g23-2317","status":"publish","type":"product","link":"https:\/\/zbranebudai.sk\/hu\/product\/pruzina-zapadky-zaveru-g19-g23-2317\/","title":{"rendered":"G19\/G23 reteszrug\u00f3 (2317)"},"content":{"rendered":"","protected":false},"excerpt":{"rendered":"<p>A 3. gener\u00e1ci\u00f3s modellek eset\u00e9ben: 19, 23, 25, 32, 38.<\/p>","protected":false},"featured_media":0,"template":"","meta":{"_gspb_post_css":""},"product_brand":[],"product_cat":[1908,1909,1864,1820],"product_tag":[],"class_list":{"0":"post-13467","1":"product","2":"type-product","3":"status-publish","5":"product_cat-glock-prislusenstvo","6":"product_cat-nahradne-diely-glock","7":"product_cat-pistole-zbrane-b-c","8":"product_cat-zbrane-b-c","10":"first","11":"instock","12":"taxable","13":"shipping-taxable","14":"purchasable","15":"product-type-simple"},"ct_brands":[],"_links":{"self":[{"href":"https:\/\/zbranebudai.sk\/hu\/wp-json\/wp\/v2\/product\/13467","targetHints":{"allow":["GET"]}}],"collection":[{"href":"https:\/\/zbranebudai.sk\/hu\/wp-json\/wp\/v2\/product"}],"about":[{"href":"https:\/\/zbranebudai.sk\/hu\/wp-json\/wp\/v2\/types\/product"}],"wp:attachment":[{"href":"https:\/\/zbranebudai.sk\/hu\/wp-json\/wp\/v2\/media?parent=13467"}],"wp:term":[{"taxonomy":"product_brand","embeddable":true,"href":"https:\/\/zbranebudai.sk\/hu\/wp-json\/wp\/v2\/product_brand?post=13467"},{"taxonomy":"product_cat","embeddable":true,"href":"https:\/\/zbranebudai.sk\/hu\/wp-json\/wp\/v2\/product_cat?post=13467"},{"taxonomy":"product_tag","embeddable":true,"href":"https:\/\/zbranebudai.sk\/hu\/wp-json\/wp\/v2\/product_tag?post=13467"}],"curies":[{"name":"wp","href":"https:\/\/api.w.org\/{rel}","templated":true}]}}